{"id":3270,"date":"2024-09-23T09:08:08","date_gmt":"2024-09-23T09:08:08","guid":{"rendered":"https:\/\/thepixelcurve.com\/wp\/upstudy\/tut\/?page_id=3270"},"modified":"2026-01-19T12:18:39","modified_gmt":"2026-01-19T12:18:39","slug":"hakkinda","status":"publish","type":"page","link":"https:\/\/alisadayakli.com\/en\/hakkinda\/","title":{"rendered":"About"},"content":{"rendered":"<div data-elementor-type=\"wp-page\" data-elementor-id=\"3270\" class=\"elementor elementor-3270\" data-elementor-post-type=\"page\">\n\t\t\t\t<div class=\"elementor-element elementor-element-80c48fe e-flex e-con-boxed e-con e-parent\" data-id=\"80c48fe\" data-element_type=\"container\" data-e-type=\"container\">\n\t\t\t\t\t<div class=\"e-con-inner\">\n\t\t<div class=\"elementor-element elementor-element-0a27012 e-con-full e-flex e-con e-child\" data-id=\"0a27012\" data-element_type=\"container\" data-e-type=\"container\">\n\t\t\t\t<div class=\"elementor-element elementor-element-6cce0fe elementor-absolute elementor-invisible elementor-widget elementor-widget-upstudy-animation\" data-id=\"6cce0fe\" data-element_type=\"widget\" data-e-type=\"widget\" data-settings=\"{&quot;_position&quot;:&quot;absolute&quot;,&quot;_animation&quot;:&quot;upstudy--slide-left&quot;}\" data-widget_type=\"upstudy-animation.default\">\n\t\t\t\t<div class=\"elementor-widget-container\">\n\t\t\t\t\t<div class=\"upstudy-animation-widget upstudy-animation-display-type-mouse-track upstudy-animation-content-type-image upstudy-mouse-track-item\" id=\"6cce0fe\"><span data-depth=\"1.5\"><img decoding=\"async\" src=\"https:\/\/alisadayakli.com\/wp-content\/uploads\/2024\/09\/UPST0054.png\" alt=\"UPST0054\"><\/span><\/div>\t\t\t\t<\/div>\n\t\t\t\t<\/div>\n\t\t\t\t<div class=\"elementor-element elementor-element-475e81d elementor-absolute elementor-invisible elementor-widget elementor-widget-upstudy-animation\" data-id=\"475e81d\" data-element_type=\"widget\" data-e-type=\"widget\" data-settings=\"{&quot;_position&quot;:&quot;absolute&quot;,&quot;_animation&quot;:&quot;upstudy--slide-down&quot;}\" data-widget_type=\"upstudy-animation.default\">\n\t\t\t\t<div class=\"elementor-widget-container\">\n\t\t\t\t\t<div class=\"upstudy-animation-widget upstudy-animation-display-type-mouse-track upstudy-animation-content-type-image upstudy-mouse-track-item\" id=\"475e81d\"><span data-depth=\"-0.7\"><img decoding=\"async\" src=\"https:\/\/alisadayakli.com\/wp-content\/uploads\/2024\/09\/UPST0081.png\" alt=\"UPST0081\"><\/span><\/div>\t\t\t\t<\/div>\n\t\t\t\t<\/div>\n\t\t\t\t<div class=\"elementor-element elementor-element-b9956e6 elementor-invisible elementor-widget elementor-widget-image\" data-id=\"b9956e6\" data-element_type=\"widget\" data-e-type=\"widget\" data-settings=\"{&quot;_animation&quot;:&quot;upstudy--slide-right&quot;}\" data-widget_type=\"image.default\">\n\t\t\t\t\t\t\t\t\t\t\t\t\t\t\t<img fetchpriority=\"high\" decoding=\"async\" width=\"2048\" height=\"2048\" src=\"https:\/\/alisadayakli.com\/wp-content\/uploads\/2026\/01\/576997365_10163361408437937_3559301088528566224_n.jpg\" class=\"attachment-full size-full wp-image-17215\" alt=\"\" srcset=\"https:\/\/alisadayakli.com\/wp-content\/uploads\/2026\/01\/576997365_10163361408437937_3559301088528566224_n.jpg 2048w, https:\/\/alisadayakli.com\/wp-content\/uploads\/2026\/01\/576997365_10163361408437937_3559301088528566224_n-300x300.jpg 300w, https:\/\/alisadayakli.com\/wp-content\/uploads\/2026\/01\/576997365_10163361408437937_3559301088528566224_n-1024x1024.jpg 1024w, https:\/\/alisadayakli.com\/wp-content\/uploads\/2026\/01\/576997365_10163361408437937_3559301088528566224_n-150x150.jpg 150w, https:\/\/alisadayakli.com\/wp-content\/uploads\/2026\/01\/576997365_10163361408437937_3559301088528566224_n-768x768.jpg 768w, https:\/\/alisadayakli.com\/wp-content\/uploads\/2026\/01\/576997365_10163361408437937_3559301088528566224_n-1536x1536.jpg 1536w, https:\/\/alisadayakli.com\/wp-content\/uploads\/2026\/01\/576997365_10163361408437937_3559301088528566224_n-600x600.jpg 600w, https:\/\/alisadayakli.com\/wp-content\/uploads\/2026\/01\/576997365_10163361408437937_3559301088528566224_n-100x100.jpg 100w\" sizes=\"(max-width: 2048px) 100vw, 2048px\" \/>\t\t\t\t\t\t\t\t\t\t\t\t\t\t\t<\/div>\n\t\t\t\t<div class=\"elementor-element elementor-element-37d19f0 elementor-invisible elementor-widget elementor-widget-image\" data-id=\"37d19f0\" data-element_type=\"widget\" data-e-type=\"widget\" data-settings=\"{&quot;_animation&quot;:&quot;upstudy--slide-up&quot;}\" data-widget_type=\"image.default\">\n\t\t\t\t\t\t\t\t\t\t\t\t\t\t\t<img decoding=\"async\" width=\"644\" height=\"805\" src=\"https:\/\/alisadayakli.com\/wp-content\/uploads\/2026\/01\/505709492_10162694809532937_5379928452084154754_n.jpg\" class=\"attachment-full size-full wp-image-17214\" alt=\"\" srcset=\"https:\/\/alisadayakli.com\/wp-content\/uploads\/2026\/01\/505709492_10162694809532937_5379928452084154754_n.jpg 644w, https:\/\/alisadayakli.com\/wp-content\/uploads\/2026\/01\/505709492_10162694809532937_5379928452084154754_n-240x300.jpg 240w, https:\/\/alisadayakli.com\/wp-content\/uploads\/2026\/01\/505709492_10162694809532937_5379928452084154754_n-600x750.jpg 600w\" sizes=\"(max-width: 644px) 100vw, 644px\" \/>\t\t\t\t\t\t\t\t\t\t\t\t\t\t\t<\/div>\n\t\t\t\t<\/div>\n\t\t<div class=\"elementor-element elementor-element-84416c1 e-con-full e-flex e-con e-child\" data-id=\"84416c1\" data-element_type=\"container\" data-e-type=\"container\">\n\t\t\t\t<div class=\"elementor-element elementor-element-2d45ce8 elementor-widget elementor-widget-heading\" data-id=\"2d45ce8\" data-element_type=\"widget\" data-e-type=\"widget\" data-widget_type=\"heading.default\">\n\t\t\t\t\t<h2 class=\"elementor-heading-title elementor-size-default\">Expert Touch to Beauty: Alisa Dayakl\u0131<\/h2>\t\t\t\t<\/div>\n\t\t\t\t<div class=\"elementor-element elementor-element-81bae35 elementor-invisible elementor-widget elementor-widget-text-editor\" data-id=\"81bae35\" data-element_type=\"widget\" data-e-type=\"widget\" data-settings=\"{&quot;_animation&quot;:&quot;upstudy--slide-up&quot;}\" data-widget_type=\"text-editor.default\">\n\t\t\t\t\t\t\t\t\t<p data-path-to-node=\"6\">Hi, I'm Alisa. I have been passionately working in the beauty industry as a Lash Artist and Trainer for over 10 years. Throughout my career I have specialized in a wide range of techniques ranging from classic techniques to Mega Volume to special effects like \u201cKim K\u201d and \u201cAnime\u201d.<\/p><p data-path-to-node=\"7\">Between 2020 and 2025, I will proudly carry <b data-path-to-node=\"7\" data-index-in-node=\"45\">PhiLashes Master<\/b> title brought my technical precision and educational vision to international standards. I now work independently in Istanbul, offering premium treatments that prioritize natural lash health and proper retention.<\/p><p data-path-to-node=\"8\">For me, eyelash art is not just an aesthetic touch; it is a personalized design process suitable for eye architecture. With the philosophy of \u201cquality before quantity\u201d, I both gift my clients with perfect looks and organize 1:1 trainings and workshops to train future experts.<\/p>\t\t\t\t\t\t\t\t<\/div>\n\t\t\t\t<\/div>\n\t\t\t\t\t<\/div>\n\t\t\t\t<\/div>\n\t\t<div class=\"elementor-element elementor-element-1ff10e0 e-flex e-con-boxed e-con e-child\" data-id=\"1ff10e0\" data-element_type=\"container\" data-e-type=\"container\" data-settings=\"{&quot;background_background&quot;:&quot;classic&quot;}\">\n\t\t\t\t\t<div class=\"e-con-inner\">\n\t\t\t\t<div class=\"elementor-element elementor-element-34e6828 elementor-absolute elementor-invisible elementor-widget elementor-widget-upstudy-animation\" data-id=\"34e6828\" data-element_type=\"widget\" data-e-type=\"widget\" data-settings=\"{&quot;_position&quot;:&quot;absolute&quot;,&quot;_animation&quot;:&quot;upstudy--slide-down&quot;}\" data-widget_type=\"upstudy-animation.default\">\n\t\t\t\t<div class=\"elementor-widget-container\">\n\t\t\t\t\t<div class=\"upstudy-animation-widget upstudy-animation-display-type-infinite-animation upstudy-animation-content-type-color\"><span class=\"upstudy-animation-widget-color\"><\/span><\/div>\t\t\t\t<\/div>\n\t\t\t\t<\/div>\n\t\t\t\t<div class=\"elementor-element elementor-element-e5c1279 elementor-absolute elementor-invisible elementor-widget elementor-widget-upstudy-animation\" data-id=\"e5c1279\" data-element_type=\"widget\" data-e-type=\"widget\" data-settings=\"{&quot;_position&quot;:&quot;absolute&quot;,&quot;_animation&quot;:&quot;upstudy--slide-down&quot;}\" data-widget_type=\"upstudy-animation.default\">\n\t\t\t\t<div class=\"elementor-widget-container\">\n\t\t\t\t\t<div class=\"upstudy-animation-widget upstudy-animation-display-type-mouse-track upstudy-animation-content-type-image upstudy-mouse-track-item\" id=\"e5c1279\"><span data-depth=\"1.5\"><img decoding=\"async\" src=\"https:\/\/alisadayakli.com\/wp-content\/uploads\/2024\/09\/UPST0082.png\" alt=\"UPST0082\"><\/span><\/div>\t\t\t\t<\/div>\n\t\t\t\t<\/div>\n\t\t<div class=\"elementor-element elementor-element-70fe314 e-con-full e-flex e-con e-child\" data-id=\"70fe314\" data-element_type=\"container\" data-e-type=\"container\">\n\t\t\t\t<div class=\"elementor-element elementor-element-2ce98f7 elementor-invisible elementor-widget elementor-widget-custom-title-addons\" data-id=\"2ce98f7\" data-element_type=\"widget\" data-e-type=\"widget\" data-settings=\"{&quot;_animation&quot;:&quot;upstudy--slide-up&quot;}\" data-widget_type=\"custom-title-addons.default\">\n\t\t\t\t<div class=\"elementor-widget-container\">\n\t\t\t\t\t<div class=\"tpc-double_heading\"><h3 class=\"dbl__title-wrapper\"><span class=\"dbl__title dbl-title_1\">We have Best <\/span><span class=\"dbl__title dbl-title_2\"style=\"position:relative;\" >Records<span class=\"thumb-shape-bg\"><span class=\"thumb-shape__bg\"><img decoding=\"async\" width=\"246\" height=\"31\" src=\"https:\/\/alisadayakli.com\/wp-content\/uploads\/2024\/09\/UPST0007.png\" class=\"attachment-full size-full wp-image-64\" alt=\"\" \/><\/span><\/span><\/span><\/h3><\/div>\t\t\t\t<\/div>\n\t\t\t\t<\/div>\n\t\t\t\t<\/div>\n\t\t<div class=\"elementor-element elementor-element-7149fc3 e-con-full e-flex e-con e-child\" data-id=\"7149fc3\" data-element_type=\"container\" data-e-type=\"container\">\n\t\t<div class=\"elementor-element elementor-element-98b6ef5 e-con-full e-flex e-con e-child\" data-id=\"98b6ef5\" data-element_type=\"container\" data-e-type=\"container\">\n\t\t<div class=\"elementor-element elementor-element-9c3498e e-con-full e-flex e-con e-child\" data-id=\"9c3498e\" data-element_type=\"container\" data-e-type=\"container\" data-settings=\"{&quot;background_background&quot;:&quot;classic&quot;}\">\n\t\t\t\t<div class=\"elementor-element elementor-element-f79327e elementor-invisible elementor-widget elementor-widget-upstudy-counter\" data-id=\"f79327e\" data-element_type=\"widget\" data-e-type=\"widget\" data-settings=\"{&quot;_animation&quot;:&quot;upstudy--slide-up&quot;}\" data-widget_type=\"upstudy-counter.default\">\n\t\t\t\t<div class=\"elementor-widget-container\">\n\t\t\t\t\t<div class=\"upstudy-counter counter-style-2 icon-hover-enable\"><div class=\"counter-wrapper\"><div class=\"counter-icon\"><i aria-hidden=\"true\" class=\"upstudy dt-icon-price-label\"><\/i><\/div><div class=\"counter-content\"><div class=\"upstudy-counter-number-wrapper-no\"><\/div><div class=\"upstudy-counter-title\">The choice of a Master. Discover carefully selected, high-quality lash and application materials to achieve perfect results in your salon work.<\/div><\/div><\/div><\/div>\t\t\t\t<\/div>\n\t\t\t\t<\/div>\n\t\t\t\t<\/div>\n\t\t\t\t<\/div>\n\t\t<div class=\"elementor-element elementor-element-9996085 e-con-full e-flex e-con e-child\" data-id=\"9996085\" data-element_type=\"container\" data-e-type=\"container\">\n\t\t<div class=\"elementor-element elementor-element-1996ccf e-con-full e-flex e-con e-child\" data-id=\"1996ccf\" data-element_type=\"container\" data-e-type=\"container\">\n\t\t\t\t<div class=\"elementor-element elementor-element-c1fa535 elementor-invisible elementor-widget elementor-widget-upstudy-counter\" data-id=\"c1fa535\" data-element_type=\"widget\" data-e-type=\"widget\" data-settings=\"{&quot;_animation&quot;:&quot;upstudy--slide-up&quot;,&quot;_animation_delay&quot;:400}\" data-widget_type=\"upstudy-counter.default\">\n\t\t\t\t<div class=\"elementor-widget-container\">\n\t\t\t\t\t<div class=\"upstudy-counter counter-style-2 icon-hover-enable\"><div class=\"counter-wrapper\"><div class=\"counter-icon\"><i aria-hidden=\"true\" class=\"upstudy dt-icon-study\"><\/i><\/div><div class=\"counter-content\"><div class=\"upstudy-counter-number-wrapper-no\"><\/div><div class=\"upstudy-counter-title\">Take your career to the next level. From beginner to advanced techniques, certified training programs combining theoretical knowledge and practical application.<\/div><\/div><\/div><\/div>\t\t\t\t<\/div>\n\t\t\t\t<\/div>\n\t\t\t\t<\/div>\n\t\t\t\t<\/div>\n\t\t<div class=\"elementor-element elementor-element-382bbb9 e-con-full e-flex e-con e-child\" data-id=\"382bbb9\" data-element_type=\"container\" data-e-type=\"container\">\n\t\t<div class=\"elementor-element elementor-element-69dee30 e-con-full e-flex e-con e-child\" data-id=\"69dee30\" data-element_type=\"container\" data-e-type=\"container\">\n\t\t\t\t<div class=\"elementor-element elementor-element-0ae424b elementor-invisible elementor-widget elementor-widget-upstudy-counter\" data-id=\"0ae424b\" data-element_type=\"widget\" data-e-type=\"widget\" data-settings=\"{&quot;_animation&quot;:&quot;upstudy--slide-up&quot;,&quot;_animation_delay&quot;:200}\" data-widget_type=\"upstudy-counter.default\">\n\t\t\t\t<div class=\"elementor-widget-container\">\n\t\t\t\t\t<div class=\"upstudy-counter counter-style-2 icon-hover-enable\"><div class=\"counter-wrapper\"><div class=\"counter-icon\"><i aria-hidden=\"true\" class=\"upstudy dt-icon-tickets\"><\/i><\/div><div class=\"counter-content\"><div class=\"upstudy-counter-number-wrapper-no\"><\/div><div class=\"upstudy-counter-title\">Learn the latest trends on the spot. Book your ticket now for exclusive workshops, seminars and live demos and become part of our beauty community.<\/div><\/div><\/div><\/div>\t\t\t\t<\/div>\n\t\t\t\t<\/div>\n\t\t\t\t<\/div>\n\t\t\t\t<\/div>\n\t\t\t\t<\/div>\n\t\t\t\t\t<\/div>\n\t\t\t\t<\/div>\n\t\t\t\t<\/div>","protected":false},"excerpt":{"rendered":"<p>G\u00fczelli\u011fe Uzman Dokunu\u015fu: Alisa Dayakl\u0131 Merhaba, ben Alisa. G\u00fczellik end\u00fcstrisinde 10 y\u0131l\u0131 a\u015fk\u0131n s\u00fcredir Kirpik Sanat\u00e7\u0131s\u0131 ve E\u011fitmen olarak tutkuyla \u00e7al\u0131\u015f\u0131yorum. Kariyerim boyunca klasik tekniklerden Mega Volume\u2019e, &#8220;Kim K&#8221; ve &#8220;Anime&#8221; gibi \u00f6zel efektlere kadar uzanan geni\u015f bir yelpazede uzmanla\u015ft\u0131m. 2020\u20132025 y\u0131llar\u0131 aras\u0131nda gururla ta\u015f\u0131d\u0131\u011f\u0131m PhiLashes Master unvan\u0131, teknik hassasiyetimi ve e\u011fitim vizyonumu uluslararas\u0131 standartlara&#8230;<\/p>","protected":false},"author":1,"featured_media":0,"parent":0,"menu_order":0,"comment_status":"closed","ping_status":"closed","template":"","meta":{"footnotes":""},"class_list":["post-3270","page","type-page","status-publish","hentry"],"_links":{"self":[{"href":"https:\/\/alisadayakli.com\/en\/wp-json\/wp\/v2\/pages\/3270","targetHints":{"allow":["GET"]}}],"collection":[{"href":"https:\/\/alisadayakli.com\/en\/wp-json\/wp\/v2\/pages"}],"about":[{"href":"https:\/\/alisadayakli.com\/en\/wp-json\/wp\/v2\/types\/page"}],"author":[{"embeddable":true,"href":"https:\/\/alisadayakli.com\/en\/wp-json\/wp\/v2\/users\/1"}],"replies":[{"embeddable":true,"href":"https:\/\/alisadayakli.com\/en\/wp-json\/wp\/v2\/comments?post=3270"}],"version-history":[{"count":2,"href":"https:\/\/alisadayakli.com\/en\/wp-json\/wp\/v2\/pages\/3270\/revisions"}],"predecessor-version":[{"id":17307,"href":"https:\/\/alisadayakli.com\/en\/wp-json\/wp\/v2\/pages\/3270\/revisions\/17307"}],"wp:attachment":[{"href":"https:\/\/alisadayakli.com\/en\/wp-json\/wp\/v2\/media?parent=3270"}],"curies":[{"name":"wp","href":"https:\/\/api.w.org\/{rel}","templated":true}]}}