{"id":17338,"date":"2026-01-19T13:23:10","date_gmt":"2026-01-19T13:23:10","guid":{"rendered":"https:\/\/alisadayakli.com\/?post_type=product&#038;p=17338"},"modified":"2026-02-24T08:35:38","modified_gmt":"2026-02-24T08:35:38","slug":"bilet-premium","status":"publish","type":"product","link":"https:\/\/alisadayakli.com\/en\/product\/bilet-premium\/","title":{"rendered":"Bilet Premium"},"content":{"rendered":"<p data-path-to-node=\"2\">Biletul de Participant Premium a fost conceput special pentru ca tu s\u0103 tr\u0103ie\u0219ti din plin atmosfera de \u00eenv\u0103\u021bare \u0219i competi\u021bie de la <b data-path-to-node=\"2\" data-index-in-node=\"131\">Istanbul Beauty Elite 2026<\/b>. Acest pachet ofer\u0103 echilibrul perfect pentru profesioni\u0219tii care doresc at\u00e2t s\u0103 fie parte din entuziasmul competi\u021biei, c\u00e2t \u0219i s\u0103 asimileze direct informa\u021biile tehnice din cadrul conferin\u021bei interna\u021bionale.<\/p>\n<hr data-path-to-node=\"3\" \/>\n<h3 data-path-to-node=\"4\"><b data-path-to-node=\"4\" data-index-in-node=\"0\">Con\u021binutul pachetului \u0219i beneficii:<\/b><\/h3>\n<ul data-path-to-node=\"5\">\n<li>\n<p data-path-to-node=\"5,0,0\">\u2b50 <b data-path-to-node=\"5,0,0\" data-index-in-node=\"2\">Acces exclusiv la zone speciale<\/b><\/p>\n<\/li>\n<li>\n<p data-path-to-node=\"5,1,0\">\u2b50 <b data-path-to-node=\"5,1,0\" data-index-in-node=\"2\">Goodie Bag PREMIUM<\/b><\/p>\n<\/li>\n<li>\n<p data-path-to-node=\"5,2,0\">\u2b50 <b data-path-to-node=\"5,2,0\" data-index-in-node=\"2\">Interac\u021biune direct\u0103 cu speakerii<\/b><\/p>\n<\/li>\n<li>\n<p data-path-to-node=\"5,3,0\">\u2b50 <b data-path-to-node=\"5,3,0\" data-index-in-node=\"2\">Pr\u00e2nz &amp; Pauze de cafea tradi\u021bional\u0103 turceasc\u0103 cu gust\u0103ri<\/b><\/p>\n<\/li>\n<li>\n<p data-path-to-node=\"5,4,0\">\u2b50 <b data-path-to-node=\"5,4,0\" data-index-in-node=\"2\">Cin\u0103 de gal\u0103 cu m\u00e2ncare tradi\u021bional\u0103 turceasc\u0103 \u0219i vibe autentic<\/b><\/p>\n<\/li>\n<li>\n<p data-path-to-node=\"5,5,0\">\u2b50 <b data-path-to-node=\"5,5,0\" data-index-in-node=\"2\">Dou\u0103 nominaliz\u0103ri live<\/b><\/p>\n<\/li>\n<\/ul>\n<blockquote data-path-to-node=\"6\">\n<p data-path-to-node=\"6,0\"><b data-path-to-node=\"6,0\" data-index-in-node=\"0\">Not\u0103:<\/b> Aceast\u0103 categorie de bilet acoper\u0103 accesul la competi\u021bie \u0219i conferin\u021b\u0103. <i data-path-to-node=\"6,0\" data-index-in-node=\"78\">(Observa\u021bie: Textul original \u00een turc\u0103 men\u021biona c\u0103 Cina de Gal\u0103 nu este inclus\u0103, \u00eens\u0103 lista de beneficii furnizat\u0103 de tine o include. Am p\u0103strat beneficiul a\u0219a cum apare \u00een lista ta pentru coeren\u021b\u0103).<\/i><\/p>\n<\/blockquote>\n<hr data-path-to-node=\"7\" \/>\n<h3 data-path-to-node=\"8\"><b data-path-to-node=\"8\" data-index-in-node=\"0\">Cui i se adreseaz\u0103?<\/b><\/h3>\n<p data-path-to-node=\"9\">Este cea mai inteligent\u0103 investi\u021bie pentru arti\u0219tii a c\u0103ror prioritate este educa\u021bia, actualizarea tehnicilor \u0219i crearea unui network global; pentru cei care se concentreaz\u0103 pe dezvoltarea profesional\u0103 \u0219i pe experien\u021ba autentic\u0103 a evenimentului.<\/p>","protected":false},"excerpt":{"rendered":"<p data-path-to-node=\"2\">Biletul de Participant Premium a fost conceput special pentru ca tu s\u0103 tr\u0103ie\u0219ti din plin atmosfera de \u00eenv\u0103\u021bare \u0219i competi\u021bie de la <b data-path-to-node=\"2\" data-index-in-node=\"131\">Istanbul Beauty Elite 2026<\/b>. Acest pachet ofer\u0103 echilibrul perfect pentru profesioni\u0219tii care doresc at\u00e2t s\u0103 fie parte din entuziasmul competi\u021biei, c\u00e2t \u0219i s\u0103 asimileze direct informa\u021biile tehnice din cadrul conferin\u021bei interna\u021bionale.<\/p>","protected":false},"featured_media":17302,"comment_status":"open","ping_status":"closed","template":"","meta":[],"product_brand":[],"product_cat":[97],"product_tag":[],"class_list":{"0":"post-17338","1":"product","2":"type-product","3":"status-publish","4":"has-post-thumbnail","6":"product_cat-biletler","8":"first","9":"instock","10":"virtual","11":"taxable","12":"purchasable","13":"product-type-simple"},"_links":{"self":[{"href":"https:\/\/alisadayakli.com\/en\/wp-json\/wp\/v2\/product\/17338","targetHints":{"allow":["GET"]}}],"collection":[{"href":"https:\/\/alisadayakli.com\/en\/wp-json\/wp\/v2\/product"}],"about":[{"href":"https:\/\/alisadayakli.com\/en\/wp-json\/wp\/v2\/types\/product"}],"replies":[{"embeddable":true,"href":"https:\/\/alisadayakli.com\/en\/wp-json\/wp\/v2\/comments?post=17338"}],"version-history":[{"count":4,"href":"https:\/\/alisadayakli.com\/en\/wp-json\/wp\/v2\/product\/17338\/revisions"}],"predecessor-version":[{"id":17424,"href":"https:\/\/alisadayakli.com\/en\/wp-json\/wp\/v2\/product\/17338\/revisions\/17424"}],"wp:featuredmedia":[{"embeddable":true,"href":"https:\/\/alisadayakli.com\/en\/wp-json\/wp\/v2\/media\/17302"}],"wp:attachment":[{"href":"https:\/\/alisadayakli.com\/en\/wp-json\/wp\/v2\/media?parent=17338"}],"wp:term":[{"taxonomy":"product_brand","embeddable":true,"href":"https:\/\/alisadayakli.com\/en\/wp-json\/wp\/v2\/product_brand?post=17338"},{"taxonomy":"product_cat","embeddable":true,"href":"https:\/\/alisadayakli.com\/en\/wp-json\/wp\/v2\/product_cat?post=17338"},{"taxonomy":"product_tag","embeddable":true,"href":"https:\/\/alisadayakli.com\/en\/wp-json\/wp\/v2\/product_tag?post=17338"}],"curies":[{"name":"wp","href":"https:\/\/api.w.org\/{rel}","templated":true}]}}