{"id":17360,"date":"2026-01-19T15:41:21","date_gmt":"2026-01-19T15:41:21","guid":{"rendered":"https:\/\/alisadayakli.com\/?page_id=17360"},"modified":"2026-01-19T15:41:22","modified_gmt":"2026-01-19T15:41:22","slug":"mesafeli-satis-sozlesmesi","status":"publish","type":"page","link":"https:\/\/alisadayakli.com\/ro\/mesafeli-satis-sozlesmesi\/","title":{"rendered":"CONTRACT DE V\u00c2NZARE LA DISTAN\u021a\u0102"},"content":{"rendered":"\n<p><strong>MADDE 1 \u2013 TARAFLAR<\/strong><\/p>\n\n\n\n<p><strong>1.1. SATICI (Hizmet Sa\u011flay\u0131c\u0131):<\/strong><\/p>\n\n\n\n<ul class=\"wp-block-list\">\n<li><strong>Ticari Unvan\u0131 \/ Ad\u0131 Soyad\u0131:<\/strong> GEORGETA AL\u0130SA DAYAKLI<\/li>\n\n\n\n<li><strong>Adresi:<\/strong> Fikirtepe Mah. H\u0131z\u0131rbey Cad. No: 115b \/ 6 Kad\u0131k\u00f6y \/ \u0130STANBUL<\/li>\n\n\n\n<li><strong>Vergi Dairesi:<\/strong> G\u00f6ztepe Vergi Dairesi<\/li>\n\n\n\n<li><strong>TC Kimlik No:<\/strong> 55456708628<\/li>\n\n\n\n<li><strong>Telefon:<\/strong> [Web sitenizdeki telefon numaras\u0131 buraya gelecek]<\/li>\n\n\n\n<li><strong>E-Posta:<\/strong> [Web sitenizdeki destek e-postas\u0131 buraya gelecek]<\/li>\n\n\n\n<li><strong>MERS\u0130S No:<\/strong> [E\u011fer MERS\u0130S numaran\u0131z varsa buraya ekleyin, yoksa TC no yeterlidir]<\/li>\n<\/ul>\n\n\n\n<p><strong>1.2. ALICI (T\u00fcketici):<\/strong><\/p>\n\n\n\n<ul class=\"wp-block-list\">\n<li><strong>Ad\u0131\/Soyad\u0131:<\/strong> [Sistem Taraf\u0131ndan Otomatik Gelecek]<\/li>\n\n\n\n<li><strong>Adresi:<\/strong> [Sistem Taraf\u0131ndan Otomatik Gelecek]<\/li>\n\n\n\n<li><strong>Telefon:<\/strong> [Sistem Taraf\u0131ndan Otomatik Gelecek]<\/li>\n\n\n\n<li><strong>E-posta:<\/strong> [Sistem Taraf\u0131ndan Otomatik Gelecek]<\/li>\n\n\n\n<li><strong>TC Kimlik No:<\/strong> [Fatura i\u00e7in gereklidir, sistemden gelecek]<\/li>\n<\/ul>\n\n\n\n<p><strong>MADDE 2 \u2013 S\u00d6ZLE\u015eMEN\u0130N KONUSU VE KAPSAMI<\/strong><\/p>\n\n\n\n<p><strong>2.1.<\/strong> \u0130\u015fbu S\u00f6zle\u015fme\u2019nin konusu; ALICI\u2019n\u0131n, SATICI\u2019ya ait <strong><a target=\"_blank\" rel=\"noreferrer noopener\" href=\"https:\/\/www.alisadayakli.com\">www.alisadayakli.com<\/a><\/strong> internet sitesi (\u201cPlatform\u201d) \u00fczerinden elektronik ortamda sipari\u015fini verdi\u011fi, a\u015fa\u011f\u0131da nitelikleri, sat\u0131\u015f fiyat\u0131 ve teslimat \u015fartlar\u0131 belirtilen \u00fcr\u00fcn\u00fcn veya hizmetin sat\u0131\u015f\u0131 ve ifas\u0131 ile ilgili olarak 6502 say\u0131l\u0131 T\u00fcketicinin Korunmas\u0131 Hakk\u0131nda Kanun ve Mesafeli S\u00f6zle\u015fmeler Y\u00f6netmeli\u011fi h\u00fck\u00fcmleri gere\u011fince taraflar\u0131n hak ve y\u00fck\u00fcml\u00fcl\u00fcklerinin belirlenmesidir.<\/p>\n\n\n\n<p><strong>2.2.<\/strong> \u0130\u015fbu s\u00f6zle\u015fme, hem fiziksel \u00fcr\u00fcnlerin (kozmetik, kirpik vb.) teslimini hem de hizmetlerin (e\u011fitim, workshop, etkinlik bileti vb.) ifas\u0131n\u0131 kapsar.<\/p>\n\n\n\n<p><strong>MADDE 3 \u2013 S\u00d6ZLE\u015eME KONUSU \u00dcR\u00dcN\/H\u0130ZMET B\u0130LG\u0130LER\u0130<\/strong><\/p>\n\n\n\n<p>Elektronik ortamda al\u0131nan \u00fcr\u00fcn\/hizmetin cinsi, t\u00fcr\u00fc, miktar\u0131, marka\/modeli, rengi, vergiler dahil sat\u0131\u015f bedeli, \u00f6deme \u015fekli ve teslimat bilgileri a\u015fa\u011f\u0131daki gibidir:<\/p>\n\n\n\n<ul class=\"wp-block-list\">\n<li><strong>\u00dcr\u00fcn\/Hizmet A\u00e7\u0131klamas\u0131:<\/strong> [Otomatik: \u00d6rn. VIP Bilet veya Kirpik Seti]<\/li>\n\n\n\n<li><strong>Adet:<\/strong> [Otomatik]<\/li>\n\n\n\n<li><strong>Pe\u015fin Fiyat\u0131 (Vergiler Dahil):<\/strong> [Otomatik]<\/li>\n\n\n\n<li><strong>\u00d6deme \u015eekli:<\/strong> [Kredi Kart\u0131 \/ Havale]<\/li>\n\n\n\n<li><strong>Teslimat Adresi \/ \u0130fa Yeri:<\/strong> [Fiziksel \u00fcr\u00fcnse adres, Bilet ise \u0130stanbul Etkinlik Alan\u0131]<\/li>\n<\/ul>\n\n\n\n<p><strong>MADDE 4 \u2013 GENEL H\u00dcK\u00dcMLER<\/strong><\/p>\n\n\n\n<p><strong>4.1.<\/strong> ALICI, Platform \u00fczerinde s\u00f6zle\u015fme konusu \u00fcr\u00fcn veya hizmetin temel nitelikleri, sat\u0131\u015f fiyat\u0131, \u00f6deme \u015fekli ve teslimata ili\u015fkin \u00f6n bilgileri okuyup bilgi sahibi oldu\u011funu ve elektronik ortamda gerekli teyidi verdi\u011fini kabul eder. <strong>4.2.<\/strong> SATICI, s\u00f6zle\u015fme konusu \u00fcr\u00fcn\u00fcn sa\u011flam, eksiksiz, sipari\u015fte belirtilen niteliklere uygun varsa garanti belgeleri ve kullan\u0131m k\u0131lavuzlar\u0131 ile teslim edilmesinden sorumludur. <strong>4.3.<\/strong> S\u00f6zle\u015fme konusu \u00fcr\u00fcn\/hizmet, ALICI&#8217;dan ba\u015fka bir ki\u015fiye\/kurulu\u015fa teslim edilecek ise, teslim edilecek ki\u015finin\/kurulu\u015fun teslimat\u0131 kabul etmemesinden SATICI sorumlu tutulamaz. <strong>4.4.<\/strong> <strong>M\u00fccbir Sebepler:<\/strong> S\u00f6zle\u015fmenin imzaland\u0131\u011f\u0131 tarihte mevcut olmayan veya \u00f6ng\u00f6r\u00fclemeyen; taraflar\u0131n kontrolleri d\u0131\u015f\u0131nda geli\u015fen (do\u011fal afet, sava\u015f, salg\u0131n hastal\u0131k, grev, lokavt vb.) nedenlerle SATICI \u00fcr\u00fcn veya hizmeti s\u00fcresi i\u00e7inde teslim\/ifa edemezse, durumu 3 (\u00fc\u00e7) g\u00fcn i\u00e7inde ALICI\u2019ya bildirir. Bu takdirde ALICI sipari\u015fin iptal edilmesini veya engelleyici durumun ortadan kalkmas\u0131na kadar teslimat s\u00fcresinin ertelenmesini kullanabilir. Etkinlik (Event) biletleri i\u00e7in \u00f6zel iade\/erteleme ko\u015fullar\u0131, etkinli\u011fin niteli\u011fine g\u00f6re ayr\u0131ca duyurulur.<\/p>\n\n\n\n<p><strong>MADDE 5 \u2013 TESL\u0130MAT VE \u0130FA \u015eEKL\u0130<\/strong><\/p>\n\n\n\n<p><strong>5.1. Fiziksel \u00dcr\u00fcnler \u0130\u00e7in:<\/strong> \u00dcr\u00fcnler, kargo firmas\u0131 arac\u0131l\u0131\u011f\u0131yla ALICI\u2019n\u0131n belirtti\u011fi adrese teslim edilir. Teslimat s\u00fcresi, yasal 30 g\u00fcnl\u00fck s\u00fcreyi a\u015fmamak ko\u015fuluyla sipari\u015f onay\u0131ndan itibaren ba\u015flar. Kargo \u00fccreti, aksi belirtilmedik\u00e7e ALICI\u2019ya aittir. <strong>5.2. Dijital \u00dcr\u00fcnler ve E\u011fitimler \u0130\u00e7in:<\/strong> Online e\u011fitim eri\u015fim \u015fifreleri veya dijital materyaller, \u00f6deme onayland\u0131ktan sonra ALICI\u2019n\u0131n e-posta adresine g\u00f6nderilir veya sistem \u00fczerinden eri\u015fime a\u00e7\u0131l\u0131r. Bu an itibar\u0131yla teslimat ger\u00e7ekle\u015fmi\u015f say\u0131l\u0131r. <strong>5.3. Etkinlik Biletleri (Event) \u0130\u00e7in:<\/strong> Sat\u0131n al\u0131nan biletler QR kod veya dijital bilet format\u0131nda ALICI&#8217;ya iletilir. Hizmetin ifas\u0131, etkinlik tarihinde (\u00d6rn: 1-3 Ekim 2026) fiziksel lokasyonda ger\u00e7ekle\u015fir.<\/p>\n\n\n\n<p><strong>MADDE 6 \u2013 CAYMA HAKKI<\/strong><\/p>\n\n\n\n<p><strong>6.1.<\/strong> ALICI; mal sat\u0131\u015f\u0131na ili\u015fkin mesafeli s\u00f6zle\u015fmelerde, \u00fcr\u00fcn\u00fcn kendisine veya g\u00f6sterdi\u011fi adresteki ki\u015fi\/kurulu\u015fa teslim tarihinden itibaren <strong>14 (on d\u00f6rt) g\u00fcn<\/strong> i\u00e7erisinde, SATICI\u2019ya bildirmek \u015fart\u0131yla hi\u00e7bir hukuki ve cezai sorumluluk \u00fcstlenmeksizin ve hi\u00e7bir gerek\u00e7e g\u00f6stermeksizin mal\u0131 reddederek s\u00f6zle\u015fmeden cayma hakk\u0131na sahiptir.<\/p>\n\n\n\n<p><strong>6.2.<\/strong> Cayma hakk\u0131n\u0131n kullan\u0131lmas\u0131 i\u00e7in bu s\u00fcre i\u00e7inde SATICI\u2019ya iadeli taahh\u00fctl\u00fc posta, faks veya e-posta ile yaz\u0131l\u0131 bildirimde bulunulmas\u0131 \u015fartt\u0131r.<\/p>\n\n\n\n<p><strong>MADDE 7 \u2013 CAYMA HAKKI KULLANILAMAYACAK \u00dcR\u00dcN VE H\u0130ZMETLER (\u0130ST\u0130SNALAR)<\/strong><\/p>\n\n\n\n<p>Mesafeli S\u00f6zle\u015fmeler Y\u00f6netmeli\u011fi\u2019nin 15. Maddesi gere\u011fince, ALICI a\u015fa\u011f\u0131daki s\u00f6zle\u015fmelerde <strong>CAYMA HAKKINI KULLANAMAZ<\/strong>:<\/p>\n\n\n\n<p><strong>a) Fiyat\u0131 finansal piyasalardaki dalgalanmalara ba\u011fl\u0131 olarak de\u011fi\u015fen mallar.<\/strong> <strong>b) T\u00fcketicinin istekleri veya ki\u015fisel ihtiya\u00e7lar\u0131 do\u011frultusunda haz\u0131rlanan mallar.<\/strong> (\u00d6rn: \u0130sme \u00f6zel haz\u0131rlanan sertifikalar, \u00f6zel \u00fcretim kirpik setleri). <strong>c) \u00c7abuk bozulabilen veya son kullanma tarihi ge\u00e7ebilecek mallar.<\/strong> <strong>d) Tesliminden sonra ambalaj\u0131, band\u0131, m\u00fchr\u00fc, paketi gibi koruyucu unsurlar\u0131 a\u00e7\u0131lm\u0131\u015f olan mallardan; iadesi sa\u011fl\u0131k ve hijyen a\u00e7\u0131s\u0131ndan uygun olmayanlar.<\/strong> (Bu madde <strong>ipek kirpik, yap\u0131\u015ft\u0131r\u0131c\u0131, c\u0131mb\u0131z, remover vb. kozmetik \u00fcr\u00fcnleri<\/strong> i\u00e7in ge\u00e7erlidir. Ambalaj\u0131 a\u00e7\u0131lan bu \u00fcr\u00fcnler iade al\u0131nmaz). <strong>e) Mal\u0131n tesliminden sonra ambalaj, bant, m\u00fch\u00fcr, paket gibi koruyucu unsurlar\u0131 a\u00e7\u0131lm\u0131\u015f olmas\u0131 halinde maddi ortamda sunulan kitap, dijital i\u00e7erik ve bilgisayar sarf malzemeleri.<\/strong> <strong>f) Abonelik s\u00f6zle\u015fmesi kapsam\u0131nda sa\u011flananlar d\u0131\u015f\u0131nda, gazete ve dergi gibi s\u00fcreli yay\u0131nlar.<\/strong> <strong>g) Belirli bir tarihte veya d\u00f6nemde yap\u0131lmas\u0131 gereken, konaklama, e\u015fya ta\u015f\u0131ma, araba kiralama, yiyecek-i\u00e7ecek tedariki ve e\u011flence veya dinlenme amac\u0131yla yap\u0131lan bo\u015f zaman\u0131n de\u011ferlendirilmesine ili\u015fkin s\u00f6zle\u015fmeler.<\/strong> (<strong>\u00d6NEML\u0130:<\/strong> Bu madde uyar\u0131nca, <strong>Istanbul Beauty Elite<\/strong> vb. etkinlik biletleri, konser, seminer ve workshop kat\u0131l\u0131mlar\u0131 i\u00e7in <strong>CAYMA HAKKI YOKTUR<\/strong>. Bilet sat\u0131\u015f\u0131 kesindir). <strong>h) Elektronik ortamda an\u0131nda ifa edilen hizmetler veya t\u00fcketiciye an\u0131nda teslim edilen gayrimaddi mallar.<\/strong> (Online e\u011fitim videolar\u0131, indirilebilir PDF dosyalar\u0131 vb. sat\u0131n al\u0131nd\u0131\u011f\u0131 an cayma hakk\u0131 sona erer).<\/p>\n\n\n\n<p><strong>MADDE 8 \u2013 K\u0130\u015e\u0130SEL VER\u0130LER\u0130N KORUNMASI (KVKK)<\/strong><\/p>\n\n\n\n<p>ALICI\u2019ya ait ad, soyad, e-posta, adres, fatura bilgileri gibi ki\u015fisel veriler; 6698 Say\u0131l\u0131 Ki\u015fisel Verilerin Korunmas\u0131 Kanunu (KVKK) kapsam\u0131nda, sipari\u015fin i\u015flenmesi, \u00fcr\u00fcn\/hizmet teslimi, fatura d\u00fczenlenmesi ve yasal y\u00fck\u00fcml\u00fcl\u00fcklerin ifas\u0131 amac\u0131yla SATICI taraf\u0131ndan i\u015flenir, saklan\u0131r ve kargo firmas\u0131 gibi \u00e7\u00f6z\u00fcm ortaklar\u0131yla payla\u015f\u0131labilir. ALICI, bu s\u00f6zle\u015fmeyi onaylayarak ki\u015fisel verilerinin i\u015flenmesine a\u00e7\u0131k r\u0131za g\u00f6sterdi\u011fini kabul eder.<sup><\/sup><\/p>\n\n\n\n<p><strong>MADDE 9 \u2013 TEMERR\u00dcT HAL\u0130 VE HUKUK\u0130 SONU\u00c7LARI<sup><\/sup><\/strong><\/p>\n\n\n\n<p>ALICI, kredi kart\u0131 ile yapm\u0131\u015f oldu\u011fu i\u015flem<sup><\/sup>lerinde temerr\u00fcde d\u00fc\u015fmesi halinde kart sahibi bankan\u0131n kendisi ile yapm\u0131\u015f oldu\u011fu kredi kart\u0131 s\u00f6zle\u015fmesi \u00e7er\u00e7evesinde faiz \u00f6deyece\u011fini ve bankaya kar\u015f\u0131 sorumlu olaca\u011f\u0131n\u0131 kabul, beyan ve taahh\u00fct eder. Bu durumda ilgili banka hukuki yollara ba\u015fvurabilir; do\u011facak masraflar\u0131 ve vek\u00e2let \u00fccretini ALICI\u2019dan talep edebilir.<\/p>\n\n\n\n<p><strong>MADDE 10 \u2013 YETK\u0130L\u0130 MAHKEME<\/strong><\/p>\n\n\n\n<p>\u0130\u015fbu s\u00f6zle\u015fmeden do\u011fabilecek uyu\u015fmazl\u0131klarda, Ticaret Bakanl\u0131\u011f\u0131\u2019nca her y\u0131l ilan edilen de\u011fere kadar <strong>ALICI\u2019n\u0131n veya SATICI\u2019n\u0131n yerle\u015fim yerindeki T\u00fcketici Hakem Heyetleri<\/strong>, s\u00f6z konusu de\u011ferin \u00fczerindeki uyu\u015fmazl\u0131klarda ise <strong>T\u00fcketici Mahkemeleri<\/strong> yetkilidir.<\/p>\n\n\n\n<p><strong>MADDE 11 \u2013 Y\u00dcR\u00dcRL\u00dcK<\/strong><\/p>\n\n\n\n<p>ALICI, Site \u00fczerinden verdi\u011fi sipari\u015fe ait \u00f6demeyi ger\u00e7ekle\u015ftirdi\u011finde i\u015fbu s\u00f6zle\u015fmenin t\u00fcm \u015fartlar\u0131n\u0131 kabul etmi\u015f say\u0131l\u0131r. SATICI, sipari\u015fin ger\u00e7ekle\u015fmesi \u00f6ncesinde i\u015fbu s\u00f6zle\u015fmenin sitede ALICI taraf\u0131ndan okunup kabul edildi\u011fine dair onay alacak yaz\u0131l\u0131msal d\u00fczenlemeleri yapmakla y\u00fck\u00fcml\u00fcd\u00fcr.<\/p>\n","protected":false},"excerpt":{"rendered":"<p>MADDE 1 \u2013 TARAFLAR 1.1. SATICI (Hizmet Sa\u011flay\u0131c\u0131): 1.2. ALICI (T\u00fcketici): MADDE 2 \u2013 S\u00d6ZLE\u015eMEN\u0130N KONUSU VE KAPSAMI 2.1. \u0130\u015fbu S\u00f6zle\u015fme\u2019nin konusu; ALICI\u2019n\u0131n, SATICI\u2019ya ait www.alisadayakli.com internet sitesi (\u201cPlatform\u201d) \u00fczerinden elektronik ortamda sipari\u015fini verdi\u011fi, a\u015fa\u011f\u0131da nitelikleri, sat\u0131\u015f fiyat\u0131 ve teslimat \u015fartlar\u0131 belirtilen \u00fcr\u00fcn\u00fcn veya hizmetin sat\u0131\u015f\u0131 ve ifas\u0131 ile ilgili olarak 6502 say\u0131l\u0131 T\u00fcketicinin Korunmas\u0131&#8230;<\/p>","protected":false},"author":1,"featured_media":0,"parent":0,"menu_order":0,"comment_status":"closed","ping_status":"closed","template":"","meta":{"footnotes":""},"class_list":["post-17360","page","type-page","status-publish","hentry"],"_links":{"self":[{"href":"https:\/\/alisadayakli.com\/ro\/wp-json\/wp\/v2\/pages\/17360","targetHints":{"allow":["GET"]}}],"collection":[{"href":"https:\/\/alisadayakli.com\/ro\/wp-json\/wp\/v2\/pages"}],"about":[{"href":"https:\/\/alisadayakli.com\/ro\/wp-json\/wp\/v2\/types\/page"}],"author":[{"embeddable":true,"href":"https:\/\/alisadayakli.com\/ro\/wp-json\/wp\/v2\/users\/1"}],"replies":[{"embeddable":true,"href":"https:\/\/alisadayakli.com\/ro\/wp-json\/wp\/v2\/comments?post=17360"}],"version-history":[{"count":1,"href":"https:\/\/alisadayakli.com\/ro\/wp-json\/wp\/v2\/pages\/17360\/revisions"}],"predecessor-version":[{"id":17361,"href":"https:\/\/alisadayakli.com\/ro\/wp-json\/wp\/v2\/pages\/17360\/revisions\/17361"}],"wp:attachment":[{"href":"https:\/\/alisadayakli.com\/ro\/wp-json\/wp\/v2\/media?parent=17360"}],"curies":[{"name":"wp","href":"https:\/\/api.w.org\/{rel}","templated":true}]}}