{"id":3270,"date":"2024-09-23T09:08:08","date_gmt":"2024-09-23T09:08:08","guid":{"rendered":"https:\/\/thepixelcurve.com\/wp\/upstudy\/tut\/?page_id=3270"},"modified":"2026-01-19T12:18:39","modified_gmt":"2026-01-19T12:18:39","slug":"hakkinda","status":"publish","type":"page","link":"https:\/\/alisadayakli.com\/ro\/hakkinda\/","title":{"rendered":"Despre"},"content":{"rendered":"<div data-elementor-type=\"wp-page\" data-elementor-id=\"3270\" class=\"elementor elementor-3270\" data-elementor-post-type=\"page\">\n\t\t\t\t<div class=\"elementor-element elementor-element-80c48fe e-flex e-con-boxed e-con e-parent\" data-id=\"80c48fe\" data-element_type=\"container\" data-e-type=\"container\">\n\t\t\t\t\t<div class=\"e-con-inner\">\n\t\t<div class=\"elementor-element elementor-element-0a27012 e-con-full e-flex e-con e-child\" data-id=\"0a27012\" data-element_type=\"container\" data-e-type=\"container\">\n\t\t\t\t<div class=\"elementor-element elementor-element-6cce0fe elementor-absolute elementor-invisible elementor-widget elementor-widget-upstudy-animation\" data-id=\"6cce0fe\" data-element_type=\"widget\" data-e-type=\"widget\" data-settings=\"{&quot;_position&quot;:&quot;absolute&quot;,&quot;_animation&quot;:&quot;upstudy--slide-left&quot;}\" data-widget_type=\"upstudy-animation.default\">\n\t\t\t\t<div class=\"elementor-widget-container\">\n\t\t\t\t\t<div class=\"upstudy-animation-widget upstudy-animation-display-type-mouse-track upstudy-animation-content-type-image upstudy-mouse-track-item\" id=\"6cce0fe\"><span data-depth=\"1.5\"><img decoding=\"async\" src=\"https:\/\/alisadayakli.com\/wp-content\/uploads\/2024\/09\/UPST0054.png\" alt=\"UPST0054\"><\/span><\/div>\t\t\t\t<\/div>\n\t\t\t\t<\/div>\n\t\t\t\t<div class=\"elementor-element elementor-element-475e81d elementor-absolute elementor-invisible elementor-widget elementor-widget-upstudy-animation\" data-id=\"475e81d\" data-element_type=\"widget\" data-e-type=\"widget\" data-settings=\"{&quot;_position&quot;:&quot;absolute&quot;,&quot;_animation&quot;:&quot;upstudy--slide-down&quot;}\" data-widget_type=\"upstudy-animation.default\">\n\t\t\t\t<div class=\"elementor-widget-container\">\n\t\t\t\t\t<div class=\"upstudy-animation-widget upstudy-animation-display-type-mouse-track upstudy-animation-content-type-image upstudy-mouse-track-item\" id=\"475e81d\"><span data-depth=\"-0.7\"><img decoding=\"async\" src=\"https:\/\/alisadayakli.com\/wp-content\/uploads\/2024\/09\/UPST0081.png\" alt=\"UPST0081\"><\/span><\/div>\t\t\t\t<\/div>\n\t\t\t\t<\/div>\n\t\t\t\t<div class=\"elementor-element elementor-element-b9956e6 elementor-invisible elementor-widget elementor-widget-image\" data-id=\"b9956e6\" data-element_type=\"widget\" data-e-type=\"widget\" data-settings=\"{&quot;_animation&quot;:&quot;upstudy--slide-right&quot;}\" data-widget_type=\"image.default\">\n\t\t\t\t\t\t\t\t\t\t\t\t\t\t\t<img fetchpriority=\"high\" decoding=\"async\" width=\"2048\" height=\"2048\" src=\"https:\/\/alisadayakli.com\/wp-content\/uploads\/2026\/01\/576997365_10163361408437937_3559301088528566224_n.jpg\" class=\"attachment-full size-full wp-image-17215\" alt=\"\" srcset=\"https:\/\/alisadayakli.com\/wp-content\/uploads\/2026\/01\/576997365_10163361408437937_3559301088528566224_n.jpg 2048w, https:\/\/alisadayakli.com\/wp-content\/uploads\/2026\/01\/576997365_10163361408437937_3559301088528566224_n-300x300.jpg 300w, https:\/\/alisadayakli.com\/wp-content\/uploads\/2026\/01\/576997365_10163361408437937_3559301088528566224_n-1024x1024.jpg 1024w, https:\/\/alisadayakli.com\/wp-content\/uploads\/2026\/01\/576997365_10163361408437937_3559301088528566224_n-150x150.jpg 150w, https:\/\/alisadayakli.com\/wp-content\/uploads\/2026\/01\/576997365_10163361408437937_3559301088528566224_n-768x768.jpg 768w, https:\/\/alisadayakli.com\/wp-content\/uploads\/2026\/01\/576997365_10163361408437937_3559301088528566224_n-1536x1536.jpg 1536w, https:\/\/alisadayakli.com\/wp-content\/uploads\/2026\/01\/576997365_10163361408437937_3559301088528566224_n-600x600.jpg 600w, https:\/\/alisadayakli.com\/wp-content\/uploads\/2026\/01\/576997365_10163361408437937_3559301088528566224_n-100x100.jpg 100w\" sizes=\"(max-width: 2048px) 100vw, 2048px\" \/>\t\t\t\t\t\t\t\t\t\t\t\t\t\t\t<\/div>\n\t\t\t\t<div class=\"elementor-element elementor-element-37d19f0 elementor-invisible elementor-widget elementor-widget-image\" data-id=\"37d19f0\" data-element_type=\"widget\" data-e-type=\"widget\" data-settings=\"{&quot;_animation&quot;:&quot;upstudy--slide-up&quot;}\" data-widget_type=\"image.default\">\n\t\t\t\t\t\t\t\t\t\t\t\t\t\t\t<img decoding=\"async\" width=\"644\" height=\"805\" src=\"https:\/\/alisadayakli.com\/wp-content\/uploads\/2026\/01\/505709492_10162694809532937_5379928452084154754_n.jpg\" class=\"attachment-full size-full wp-image-17214\" alt=\"\" srcset=\"https:\/\/alisadayakli.com\/wp-content\/uploads\/2026\/01\/505709492_10162694809532937_5379928452084154754_n.jpg 644w, https:\/\/alisadayakli.com\/wp-content\/uploads\/2026\/01\/505709492_10162694809532937_5379928452084154754_n-240x300.jpg 240w, https:\/\/alisadayakli.com\/wp-content\/uploads\/2026\/01\/505709492_10162694809532937_5379928452084154754_n-600x750.jpg 600w\" sizes=\"(max-width: 644px) 100vw, 644px\" \/>\t\t\t\t\t\t\t\t\t\t\t\t\t\t\t<\/div>\n\t\t\t\t<\/div>\n\t\t<div class=\"elementor-element elementor-element-84416c1 e-con-full e-flex e-con e-child\" data-id=\"84416c1\" data-element_type=\"container\" data-e-type=\"container\">\n\t\t\t\t<div class=\"elementor-element elementor-element-2d45ce8 elementor-widget elementor-widget-heading\" data-id=\"2d45ce8\" data-element_type=\"widget\" data-e-type=\"widget\" data-widget_type=\"heading.default\">\n\t\t\t\t\t<h2 class=\"elementor-heading-title elementor-size-default\">Atingerea expert\u0103 a frumuse\u021bii: Alisa Dayakl\u0131<\/h2>\t\t\t\t<\/div>\n\t\t\t\t<div class=\"elementor-element elementor-element-81bae35 elementor-invisible elementor-widget elementor-widget-text-editor\" data-id=\"81bae35\" data-element_type=\"widget\" data-e-type=\"widget\" data-settings=\"{&quot;_animation&quot;:&quot;upstudy--slide-up&quot;}\" data-widget_type=\"text-editor.default\">\n\t\t\t\t\t\t\t\t\t<p data-path-to-node=\"6\">Bun\u0103, eu sunt Alisa. Lucrez cu pasiune \u00een industria frumuse\u021bii ca Lash Artist \u0219i Trainer de peste 10 ani. De-a lungul carierei mele m-am specializat \u00eentr-o gam\u0103 larg\u0103 de tehnici, de la tehnici clasice la Mega Volume \u0219i efecte speciale precum \u201cKim K\u201d \u0219i \u201cAnime\u201d.<\/p><p data-path-to-node=\"7\">2020-2025, pe care l-am purtat cu m\u00e2ndrie <b data-path-to-node=\"7\" data-index-in-node=\"45\">Maestrul PhiLashes<\/b> titlul mi-a adus precizia tehnic\u0103 \u0219i viziunea educa\u021bional\u0103 la standarde interna\u021bionale. Acum lucrez independent \u00een Istanbul, oferind tratamente premium care acord\u0103 prioritate s\u0103n\u0103t\u0103\u021bii naturale a genelor \u0219i p\u0103str\u0103rii corespunz\u0103toare a acestora.<\/p><p data-path-to-node=\"8\">Pentru mine, arta genelor nu este doar o atingere estetic\u0103; este un proces de design personalizat potrivit pentru arhitectura ochilor. Cu filozofia \u201ccalitatea \u00eenaintea cantit\u0103\u021bii\u201d, at\u00e2t le ofer clientelor mele priviri perfecte, c\u00e2t \u0219i organizez cursuri \u0219i ateliere 1:1 pentru a forma viitori exper\u021bi.<\/p>\t\t\t\t\t\t\t\t<\/div>\n\t\t\t\t<\/div>\n\t\t\t\t\t<\/div>\n\t\t\t\t<\/div>\n\t\t<div class=\"elementor-element elementor-element-1ff10e0 e-flex e-con-boxed e-con e-child\" data-id=\"1ff10e0\" data-element_type=\"container\" data-e-type=\"container\" data-settings=\"{&quot;background_background&quot;:&quot;classic&quot;}\">\n\t\t\t\t\t<div class=\"e-con-inner\">\n\t\t\t\t<div class=\"elementor-element elementor-element-34e6828 elementor-absolute elementor-invisible elementor-widget elementor-widget-upstudy-animation\" data-id=\"34e6828\" data-element_type=\"widget\" data-e-type=\"widget\" data-settings=\"{&quot;_position&quot;:&quot;absolute&quot;,&quot;_animation&quot;:&quot;upstudy--slide-down&quot;}\" data-widget_type=\"upstudy-animation.default\">\n\t\t\t\t<div class=\"elementor-widget-container\">\n\t\t\t\t\t<div class=\"upstudy-animation-widget upstudy-animation-display-type-infinite-animation upstudy-animation-content-type-color\"><span class=\"upstudy-animation-widget-color\"><\/span><\/div>\t\t\t\t<\/div>\n\t\t\t\t<\/div>\n\t\t\t\t<div class=\"elementor-element elementor-element-e5c1279 elementor-absolute elementor-invisible elementor-widget elementor-widget-upstudy-animation\" data-id=\"e5c1279\" data-element_type=\"widget\" data-e-type=\"widget\" data-settings=\"{&quot;_position&quot;:&quot;absolute&quot;,&quot;_animation&quot;:&quot;upstudy--slide-down&quot;}\" data-widget_type=\"upstudy-animation.default\">\n\t\t\t\t<div class=\"elementor-widget-container\">\n\t\t\t\t\t<div class=\"upstudy-animation-widget upstudy-animation-display-type-mouse-track upstudy-animation-content-type-image upstudy-mouse-track-item\" id=\"e5c1279\"><span data-depth=\"1.5\"><img decoding=\"async\" src=\"https:\/\/alisadayakli.com\/wp-content\/uploads\/2024\/09\/UPST0082.png\" alt=\"UPST0082\"><\/span><\/div>\t\t\t\t<\/div>\n\t\t\t\t<\/div>\n\t\t<div class=\"elementor-element elementor-element-70fe314 e-con-full e-flex e-con e-child\" data-id=\"70fe314\" data-element_type=\"container\" data-e-type=\"container\">\n\t\t\t\t<div class=\"elementor-element elementor-element-2ce98f7 elementor-invisible elementor-widget elementor-widget-custom-title-addons\" data-id=\"2ce98f7\" data-element_type=\"widget\" data-e-type=\"widget\" data-settings=\"{&quot;_animation&quot;:&quot;upstudy--slide-up&quot;}\" data-widget_type=\"custom-title-addons.default\">\n\t\t\t\t<div class=\"elementor-widget-container\">\n\t\t\t\t\t<div class=\"tpc-double_heading\"><h3 class=\"dbl__title-wrapper\"><span class=\"dbl__title dbl-title_1\">Avem Best <\/span><span class=\"dbl__title dbl-title_2\"style=\"position:relative;\" >\u00cenregistr\u0103ri<span class=\"thumb-shape-bg\"><span class=\"thumb-shape__bg\"><img decoding=\"async\" width=\"246\" height=\"31\" src=\"https:\/\/alisadayakli.com\/wp-content\/uploads\/2024\/09\/UPST0007.png\" class=\"attachment-full size-full wp-image-64\" alt=\"\" \/><\/span><\/span><\/span><\/h3><\/div>\t\t\t\t<\/div>\n\t\t\t\t<\/div>\n\t\t\t\t<\/div>\n\t\t<div class=\"elementor-element elementor-element-7149fc3 e-con-full e-flex e-con e-child\" data-id=\"7149fc3\" data-element_type=\"container\" data-e-type=\"container\">\n\t\t<div class=\"elementor-element elementor-element-98b6ef5 e-con-full e-flex e-con e-child\" data-id=\"98b6ef5\" data-element_type=\"container\" data-e-type=\"container\">\n\t\t<div class=\"elementor-element elementor-element-9c3498e e-con-full e-flex e-con e-child\" data-id=\"9c3498e\" data-element_type=\"container\" data-e-type=\"container\" data-settings=\"{&quot;background_background&quot;:&quot;classic&quot;}\">\n\t\t\t\t<div class=\"elementor-element elementor-element-f79327e elementor-invisible elementor-widget elementor-widget-upstudy-counter\" data-id=\"f79327e\" data-element_type=\"widget\" data-e-type=\"widget\" data-settings=\"{&quot;_animation&quot;:&quot;upstudy--slide-up&quot;}\" data-widget_type=\"upstudy-counter.default\">\n\t\t\t\t<div class=\"elementor-widget-container\">\n\t\t\t\t\t<div class=\"upstudy-counter counter-style-2 icon-hover-enable\"><div class=\"counter-wrapper\"><div class=\"counter-icon\"><i aria-hidden=\"true\" class=\"upstudy dt-icon-price-label\"><\/i><\/div><div class=\"counter-content\"><div class=\"upstudy-counter-number-wrapper-no\"><\/div><div class=\"upstudy-counter-title\">Alegerea unui maestru. Descoperi\u021bi materiale pentru gene \u0219i aplica\u021bii de \u00eenalt\u0103 calitate, atent selec\u021bionate, pentru a ob\u021bine rezultate perfecte \u00een activitatea dvs. de salon.<\/div><\/div><\/div><\/div>\t\t\t\t<\/div>\n\t\t\t\t<\/div>\n\t\t\t\t<\/div>\n\t\t\t\t<\/div>\n\t\t<div class=\"elementor-element elementor-element-9996085 e-con-full e-flex e-con e-child\" data-id=\"9996085\" data-element_type=\"container\" data-e-type=\"container\">\n\t\t<div class=\"elementor-element elementor-element-1996ccf e-con-full e-flex e-con e-child\" data-id=\"1996ccf\" data-element_type=\"container\" data-e-type=\"container\">\n\t\t\t\t<div class=\"elementor-element elementor-element-c1fa535 elementor-invisible elementor-widget elementor-widget-upstudy-counter\" data-id=\"c1fa535\" data-element_type=\"widget\" data-e-type=\"widget\" data-settings=\"{&quot;_animation&quot;:&quot;upstudy--slide-up&quot;,&quot;_animation_delay&quot;:400}\" data-widget_type=\"upstudy-counter.default\">\n\t\t\t\t<div class=\"elementor-widget-container\">\n\t\t\t\t\t<div class=\"upstudy-counter counter-style-2 icon-hover-enable\"><div class=\"counter-wrapper\"><div class=\"counter-icon\"><i aria-hidden=\"true\" class=\"upstudy dt-icon-study\"><\/i><\/div><div class=\"counter-content\"><div class=\"upstudy-counter-number-wrapper-no\"><\/div><div class=\"upstudy-counter-title\">Du-\u021bi cariera la nivelul urm\u0103tor. De la tehnici pentru \u00eencep\u0103tori la tehnici avansate, programe de formare certificate care combin\u0103 cuno\u0219tin\u021bele teoretice \u0219i aplicarea practic\u0103.<\/div><\/div><\/div><\/div>\t\t\t\t<\/div>\n\t\t\t\t<\/div>\n\t\t\t\t<\/div>\n\t\t\t\t<\/div>\n\t\t<div class=\"elementor-element elementor-element-382bbb9 e-con-full e-flex e-con e-child\" data-id=\"382bbb9\" data-element_type=\"container\" data-e-type=\"container\">\n\t\t<div class=\"elementor-element elementor-element-69dee30 e-con-full e-flex e-con e-child\" data-id=\"69dee30\" data-element_type=\"container\" data-e-type=\"container\">\n\t\t\t\t<div class=\"elementor-element elementor-element-0ae424b elementor-invisible elementor-widget elementor-widget-upstudy-counter\" data-id=\"0ae424b\" data-element_type=\"widget\" data-e-type=\"widget\" data-settings=\"{&quot;_animation&quot;:&quot;upstudy--slide-up&quot;,&quot;_animation_delay&quot;:200}\" data-widget_type=\"upstudy-counter.default\">\n\t\t\t\t<div class=\"elementor-widget-container\">\n\t\t\t\t\t<div class=\"upstudy-counter counter-style-2 icon-hover-enable\"><div class=\"counter-wrapper\"><div class=\"counter-icon\"><i aria-hidden=\"true\" class=\"upstudy dt-icon-tickets\"><\/i><\/div><div class=\"counter-content\"><div class=\"upstudy-counter-number-wrapper-no\"><\/div><div class=\"upstudy-counter-title\">Afla\u021bi cele mai noi tendin\u021be pe loc. Rezerva\u021bi-v\u0103 acum biletul pentru ateliere exclusive, seminarii \u0219i demonstra\u021bii live \u0219i deveni\u021bi parte din comunitatea noastr\u0103 de frumuse\u021be.<\/div><\/div><\/div><\/div>\t\t\t\t<\/div>\n\t\t\t\t<\/div>\n\t\t\t\t<\/div>\n\t\t\t\t<\/div>\n\t\t\t\t<\/div>\n\t\t\t\t\t<\/div>\n\t\t\t\t<\/div>\n\t\t\t\t<\/div>","protected":false},"excerpt":{"rendered":"<p>G\u00fczelli\u011fe Uzman Dokunu\u015fu: Alisa Dayakl\u0131 Merhaba, ben Alisa. G\u00fczellik end\u00fcstrisinde 10 y\u0131l\u0131 a\u015fk\u0131n s\u00fcredir Kirpik Sanat\u00e7\u0131s\u0131 ve E\u011fitmen olarak tutkuyla \u00e7al\u0131\u015f\u0131yorum. Kariyerim boyunca klasik tekniklerden Mega Volume\u2019e, &#8220;Kim K&#8221; ve &#8220;Anime&#8221; gibi \u00f6zel efektlere kadar uzanan geni\u015f bir yelpazede uzmanla\u015ft\u0131m. 2020\u20132025 y\u0131llar\u0131 aras\u0131nda gururla ta\u015f\u0131d\u0131\u011f\u0131m PhiLashes Master unvan\u0131, teknik hassasiyetimi ve e\u011fitim vizyonumu uluslararas\u0131 standartlara&#8230;<\/p>","protected":false},"author":1,"featured_media":0,"parent":0,"menu_order":0,"comment_status":"closed","ping_status":"closed","template":"","meta":{"footnotes":""},"class_list":["post-3270","page","type-page","status-publish","hentry"],"_links":{"self":[{"href":"https:\/\/alisadayakli.com\/ro\/wp-json\/wp\/v2\/pages\/3270","targetHints":{"allow":["GET"]}}],"collection":[{"href":"https:\/\/alisadayakli.com\/ro\/wp-json\/wp\/v2\/pages"}],"about":[{"href":"https:\/\/alisadayakli.com\/ro\/wp-json\/wp\/v2\/types\/page"}],"author":[{"embeddable":true,"href":"https:\/\/alisadayakli.com\/ro\/wp-json\/wp\/v2\/users\/1"}],"replies":[{"embeddable":true,"href":"https:\/\/alisadayakli.com\/ro\/wp-json\/wp\/v2\/comments?post=3270"}],"version-history":[{"count":2,"href":"https:\/\/alisadayakli.com\/ro\/wp-json\/wp\/v2\/pages\/3270\/revisions"}],"predecessor-version":[{"id":17307,"href":"https:\/\/alisadayakli.com\/ro\/wp-json\/wp\/v2\/pages\/3270\/revisions\/17307"}],"wp:attachment":[{"href":"https:\/\/alisadayakli.com\/ro\/wp-json\/wp\/v2\/media?parent=3270"}],"curies":[{"name":"wp","href":"https:\/\/api.w.org\/{rel}","templated":true}]}}