{"id":3649,"date":"2024-09-24T07:54:22","date_gmt":"2024-09-24T07:54:22","guid":{"rendered":"https:\/\/thepixelcurve.com\/wp\/upstudy\/tut\/?page_id=3649"},"modified":"2026-01-19T16:31:01","modified_gmt":"2026-01-19T16:31:01","slug":"temas-etmek","status":"publish","type":"page","link":"https:\/\/alisadayakli.com\/ro\/temas-etmek\/","title":{"rendered":"Persoan\u0103 de contact"},"content":{"rendered":"<div data-elementor-type=\"wp-page\" data-elementor-id=\"3649\" class=\"elementor elementor-3649\" data-elementor-post-type=\"page\">\n\t\t\t\t<div class=\"elementor-element elementor-element-e955204 e-flex e-con-boxed e-con e-parent\" data-id=\"e955204\" data-element_type=\"container\" data-e-type=\"container\">\n\t\t\t\t\t<div class=\"e-con-inner\">\n\t\t<div class=\"elementor-element elementor-element-8869db0 e-con-full e-flex e-con e-child\" data-id=\"8869db0\" data-element_type=\"container\" data-e-type=\"container\">\n\t\t\t\t<div class=\"elementor-element elementor-element-d15a39e elementor-invisible elementor-widget elementor-widget-custom-title-addons\" data-id=\"d15a39e\" data-element_type=\"widget\" data-e-type=\"widget\" data-settings=\"{&quot;_animation&quot;:&quot;upstudy--slide-up&quot;}\" data-widget_type=\"custom-title-addons.default\">\n\t\t\t\t<div class=\"elementor-widget-container\">\n\t\t\t\t\t<div class=\"tpc-double_heading\"><h3 class=\"dbl__title-wrapper\"><span class=\"dbl__title dbl-title_1\">Contacta\u021bi-ne<\/span><\/h3><\/div>\t\t\t\t<\/div>\n\t\t\t\t<\/div>\n\t\t\t\t<div class=\"elementor-element elementor-element-565dd39 elementor-invisible elementor-widget elementor-widget-upstudy-info-box\" data-id=\"565dd39\" data-element_type=\"widget\" data-e-type=\"widget\" data-settings=\"{&quot;_animation&quot;:&quot;upstudy--slide-up&quot;}\" data-widget_type=\"upstudy-info-box.default\">\n\t\t\t\t<div class=\"elementor-widget-container\">\n\t\t\t\t\t<div class=\"upstudy-info-box-wrapper\"><div class=\"icon-wrapper\"><i aria-hidden=\"true\" class=\"upstudy dt-icon-phone-call\"><\/i><\/div><div class=\"info-text-wrapper\"><p class=\"info-text\">Num\u0103r de telefon<\/p><p class=\"info-description-text\">+90 542 270 72 29<\/p><\/div><\/div>\t\t\t\t<\/div>\n\t\t\t\t<\/div>\n\t\t\t\t<div class=\"elementor-element elementor-element-d88159e elementor-invisible elementor-widget elementor-widget-upstudy-info-box\" data-id=\"d88159e\" data-element_type=\"widget\" data-e-type=\"widget\" data-settings=\"{&quot;_animation&quot;:&quot;upstudy--slide-up&quot;}\" data-widget_type=\"upstudy-info-box.default\">\n\t\t\t\t<div class=\"elementor-widget-container\">\n\t\t\t\t\t<div class=\"upstudy-info-box-wrapper\"><div class=\"icon-wrapper\"><i aria-hidden=\"true\" class=\"upstudy dt-icon-envelope\"><\/i><\/div><div class=\"info-text-wrapper\"><p class=\"info-text\">E-mail<\/p><p class=\"info-description-text\">office@alisadayakli.com<\/p><\/div><\/div>\t\t\t\t<\/div>\n\t\t\t\t<\/div>\n\t\t\t\t<div class=\"elementor-element elementor-element-e7a6dfb elementor-invisible elementor-widget elementor-widget-upstudy-info-box\" data-id=\"e7a6dfb\" data-element_type=\"widget\" data-e-type=\"widget\" data-settings=\"{&quot;_animation&quot;:&quot;upstudy--slide-up&quot;}\" data-widget_type=\"upstudy-info-box.default\">\n\t\t\t\t<div class=\"elementor-widget-container\">\n\t\t\t\t\t<div class=\"upstudy-info-box-wrapper\"><div class=\"icon-wrapper\"><i aria-hidden=\"true\" class=\"upstudy dt-icon-maps-and-flags\"><\/i><\/div><div class=\"info-text-wrapper\"><p class=\"info-text\">Adresa biroului<\/p><p class=\"info-description-text\">Hizirbey Cd. 115, 34720 Istanbul, Kadikoy Turcia<\/p><\/div><\/div>\t\t\t\t<\/div>\n\t\t\t\t<\/div>\n\t\t\t\t<\/div>\n\t\t<div class=\"elementor-element elementor-element-78bec83 e-con-full e-flex e-con e-child\" data-id=\"78bec83\" data-element_type=\"container\" data-e-type=\"container\">\n\t\t\t\t<div class=\"elementor-element elementor-element-680cd14 elementor-invisible elementor-widget elementor-widget-upstudy-contactform-addons\" data-id=\"680cd14\" data-element_type=\"widget\" data-e-type=\"widget\" data-settings=\"{&quot;_animation&quot;:&quot;upstudy--slide-up&quot;}\" data-widget_type=\"upstudy-contactform-addons.default\">\n\t\t\t\t<div class=\"elementor-widget-container\">\n\t\t\t\t\t<div class=\"upstudy-form-wrapper\" >\n<div class=\"wpcf7 no-js\" id=\"wpcf7-f3695-o1\" lang=\"en-US\" dir=\"ltr\" data-wpcf7-id=\"3695\">\n<div class=\"screen-reader-response\"><p role=\"status\" aria-live=\"polite\" aria-atomic=\"true\"><\/p> <ul><\/ul><\/div>\n<form action=\"\/ro\/wp-json\/wp\/v2\/pages\/3649#wpcf7-f3695-o1\" method=\"post\" class=\"wpcf7-form init\" aria-label=\"Contact form\" novalidate=\"novalidate\" data-status=\"init\" data-trp-original-action=\"\/ro\/wp-json\/wp\/v2\/pages\/3649#wpcf7-f3695-o1\">\n<fieldset class=\"hidden-fields-container\"><input type=\"hidden\" name=\"_wpcf7\" value=\"3695\" \/><input type=\"hidden\" name=\"_wpcf7_version\" value=\"6.1.5\" \/><input type=\"hidden\" name=\"_wpcf7_locale\" value=\"en_US\" \/><input type=\"hidden\" name=\"_wpcf7_unit_tag\" value=\"wpcf7-f3695-o1\" \/><input type=\"hidden\" name=\"_wpcf7_container_post\" value=\"0\" \/><input type=\"hidden\" name=\"_wpcf7_posted_data_hash\" value=\"\" \/>\n<\/fieldset>\n<div class=\"upstudy-row\">\n\t<div class=\"upstudy-col-md-6\">\n\t\t<p><span class=\"wpcf7-form-control-wrap\" data-name=\"first-name\"><input size=\"40\" maxlength=\"400\" class=\"wpcf7-form-control wpcf7-text wpcf7-validates-as-required\" aria-required=\"true\" aria-invalid=\"false\" placeholder=\"Numele \u0219i prenumele\" value=\"\" type=\"text\" name=\"first-name\" \/><\/span>\n\t\t<\/p>\n\t<\/div>\n\t<div class=\"upstudy-col-md-6\">\n\t\t<p><span class=\"wpcf7-form-control-wrap\" data-name=\"your-email\"><input size=\"40\" maxlength=\"400\" class=\"wpcf7-form-control wpcf7-email wpcf7-validates-as-required wpcf7-text wpcf7-validates-as-email\" aria-required=\"true\" aria-invalid=\"false\" placeholder=\"Adresa dvs. de e-mail\" value=\"\" type=\"email\" name=\"your-email\" \/><\/span>\n\t\t<\/p>\n\t<\/div>\n\t<div class=\"upstudy-col-md-6\">\n\t\t<p><span class=\"wpcf7-form-control-wrap\" data-name=\"tel-913\"><input size=\"40\" maxlength=\"400\" class=\"wpcf7-form-control wpcf7-tel wpcf7-text wpcf7-validates-as-tel\" aria-invalid=\"false\" placeholder=\"Num\u0103r de telefon\" value=\"\" type=\"tel\" name=\"tel-913\" \/><\/span>\n\t\t<\/p>\n\t<\/div>\n\t<div class=\"upstudy-col-md-6\">\n\t\t<p><span class=\"wpcf7-form-control-wrap\" data-name=\"your-subject\"><input size=\"40\" maxlength=\"400\" class=\"wpcf7-form-control wpcf7-text wpcf7-validates-as-required\" aria-required=\"true\" aria-invalid=\"false\" placeholder=\"Subiectul dvs.\" value=\"\" type=\"text\" name=\"your-subject\" \/><\/span>\n\t\t<\/p>\n\t<\/div>\n\t<div class=\"upstudy-col-md-12\">\n\t\t<p><span class=\"wpcf7-form-control-wrap\" data-name=\"your-message\"><textarea cols=\"40\" rows=\"10\" maxlength=\"2000\" class=\"wpcf7-form-control wpcf7-textarea\" aria-invalid=\"false\" placeholder=\"Scrie\u021bi un mesaj\" name=\"your-message\"><\/textarea><\/span>\n\t\t<\/p>\n\t<\/div>\n\t<div class=\"upstudy-col-md-12\">\n\t\t<p><input class=\"wpcf7-form-control wpcf7-submit has-spinner\" type=\"submit\" value=\"Trimite mesaj\" \/>\n\t\t<\/p>\n\t<\/div>\n<\/div><div class=\"wpcf7-response-output\" aria-hidden=\"true\"><\/div>\n<input type=\"hidden\" name=\"trp-form-language\" value=\"ro\"\/><\/form>\n<\/div>\n<\/div>\t\t\t\t<\/div>\n\t\t\t\t<\/div>\n\t\t\t\t<\/div>\n\t\t\t\t\t<\/div>\n\t\t\t\t<\/div>\n\t\t<div class=\"elementor-element elementor-element-433850f e-con-full e-flex e-con e-parent\" data-id=\"433850f\" data-element_type=\"container\" data-e-type=\"container\">\n\t\t\t\t<div class=\"elementor-element elementor-element-9d2da4b elementor-widget elementor-widget-google_maps\" data-id=\"9d2da4b\" data-element_type=\"widget\" data-e-type=\"widget\" data-widget_type=\"google_maps.default\">\n\t\t\t\t\t\t\t<div class=\"elementor-custom-embed\">\n\t\t\t<iframe loading=\"lazy\"\n\t\t\t\t\tsrc=\"https:\/\/maps.google.com\/maps?q=Hizirbey%20Cd.%20115%2C%2034720%20Istanbul%2C%20Kadikoy%20T%C3%BCrkiye&#038;t=m&#038;z=15&#038;output=embed&#038;iwloc=near\"\n\t\t\t\t\ttitle=\"Hizirbey Cd. 115, 34720 Istanbul, Kadikoy Turcia\"\n\t\t\t\t\taria-label=\"Hizirbey Cd. 115, 34720 Istanbul, Kadikoy Turcia\"\n\t\t\t><\/iframe>\n\t\t<\/div>\n\t\t\t\t\t\t<\/div>\n\t\t\t\t<\/div>\n\t\t\t\t<\/div>","protected":false},"excerpt":{"rendered":"<p>Bize Ula\u015f\u0131n Telefon Numaras\u0131 +90 542 270 72 29 Email office@alisadayakli.com Ofis Konumu Adresi Hizirbey Cd. 115, 34720 Istanbul, Kadikoy T\u00fcrkiye<\/p>","protected":false},"author":1,"featured_media":0,"parent":0,"menu_order":0,"comment_status":"closed","ping_status":"closed","template":"","meta":{"footnotes":""},"class_list":["post-3649","page","type-page","status-publish","hentry"],"_links":{"self":[{"href":"https:\/\/alisadayakli.com\/ro\/wp-json\/wp\/v2\/pages\/3649","targetHints":{"allow":["GET"]}}],"collection":[{"href":"https:\/\/alisadayakli.com\/ro\/wp-json\/wp\/v2\/pages"}],"about":[{"href":"https:\/\/alisadayakli.com\/ro\/wp-json\/wp\/v2\/types\/page"}],"author":[{"embeddable":true,"href":"https:\/\/alisadayakli.com\/ro\/wp-json\/wp\/v2\/users\/1"}],"replies":[{"embeddable":true,"href":"https:\/\/alisadayakli.com\/ro\/wp-json\/wp\/v2\/comments?post=3649"}],"version-history":[{"count":2,"href":"https:\/\/alisadayakli.com\/ro\/wp-json\/wp\/v2\/pages\/3649\/revisions"}],"predecessor-version":[{"id":17390,"href":"https:\/\/alisadayakli.com\/ro\/wp-json\/wp\/v2\/pages\/3649\/revisions\/17390"}],"wp:attachment":[{"href":"https:\/\/alisadayakli.com\/ro\/wp-json\/wp\/v2\/media?parent=3649"}],"curies":[{"name":"wp","href":"https:\/\/api.w.org\/{rel}","templated":true}]}}