{"id":17116,"date":"2026-01-14T11:00:01","date_gmt":"2026-01-14T11:00:01","guid":{"rendered":"https:\/\/alisadayakli.com\/?post_type=product&#038;p=17116"},"modified":"2026-01-19T12:24:24","modified_gmt":"2026-01-19T12:24:24","slug":"siyah-kirpik-uzantilari-mix-xxl-0-07-mm-25-linii","status":"publish","type":"product","link":"https:\/\/alisadayakli.com\/ro\/product\/siyah-kirpik-uzantilari-mix-xxl-0-07-mm-25-linii\/","title":{"rendered":"Extensii gene negre Mix XXL \/ 0.07 mm - 25 Linii"},"content":{"rendered":"<p data-path-to-node=\"3\">XXL Black Mix kirpik tepsileri, i\u015finde m\u00fckemmelli\u011fi hedefleyen profesyonel kirpik uzmanlar\u0131 (lash artist) i\u00e7in \u00f6zel olarak tasarlanm\u0131\u015ft\u0131r.<\/p>\n<p data-path-to-node=\"4\"><b data-path-to-node=\"4\" data-index-in-node=\"0\">\u00c7ok Y\u00f6nl\u00fc Kullan\u0131m (0.07 mm):<\/b> 0.07 mm kal\u0131nl\u0131k, \u00e7ok \u00e7e\u015fitli teknikler i\u00e7in idealdir: Do\u011fal 1D setler, 2D ve \u00fczeri hacim (vol\u00fcm) \u00e7al\u0131\u015fmalar\u0131, mega vol\u00fcm, &#8220;wet look&#8221; (\u0131slak g\u00f6r\u00fcn\u00fcm) efektleri ve di\u011fer t\u00fcm modern stiller i\u00e7in kusursuz bir uyum sa\u011flar.<\/p>\n<p data-path-to-node=\"5\"><b data-path-to-node=\"5\" data-index-in-node=\"0\">\u00dcst\u00fcn Fiber Kalitesi:<\/b> Kirpikler son derece hafif ve esnektir. Bu \u00f6zellik, do\u011fal kirpikleri yormadan, hacim teknikleri i\u00e7in simetrik demetlerin (fanlar\u0131n) h\u0131zl\u0131 ve kolay bir \u015fekilde olu\u015fturulmas\u0131na olanak tan\u0131r. Derin siyah rengi (Deep Black) ve p\u00fcr\u00fczs\u00fcz yap\u0131s\u0131, her uygulamada net ve temiz bir sonu\u00e7 garanti eder. Kirpikler, t\u00fcm kullan\u0131m s\u00fcresi boyunca k\u0131vr\u0131m\u0131n\u0131 (curl) ve formunu korur.<\/p>\n<p data-path-to-node=\"6\"><b data-path-to-node=\"6\" data-index-in-node=\"0\">XXL Format\u0131 ile Maksimum K\u00e2rl\u0131l\u0131k:<\/b> Her kutuda bulunan <b data-path-to-node=\"6\" data-index-in-node=\"54\">25 sat\u0131r<\/b> ile XXL format\u0131, size devasa bir \u00fcr\u00fcn stoku sunar.<\/p>\n<ul data-path-to-node=\"7\">\n<li>\n<p data-path-to-node=\"7,0,0\"><b data-path-to-node=\"7,0,0\" data-index-in-node=\"0\">Y\u00fcksek Kapasite:<\/b> Bir kutu, orta yo\u011funluklu setler \u00e7al\u0131\u015f\u0131ld\u0131\u011f\u0131nda <b data-path-to-node=\"7,0,0\" data-index-in-node=\"65\">17 m\u00fc\u015fteriye kadar<\/b> yeterlidir.<\/p>\n<\/li>\n<li>\n<p data-path-to-node=\"7,1,0\"><b data-path-to-node=\"7,1,0\" data-index-in-node=\"0\">Avantajul costurilor:<\/b> Bu kapasite, i\u015flem ba\u015f\u0131na maliyetinizi d\u00fc\u015f\u00fcr\u00fcr, k\u00e2rl\u0131l\u0131\u011f\u0131n\u0131z\u0131 art\u0131r\u0131r ve s\u0131k s\u0131k stok yenileme derdini ortadan kald\u0131r\u0131r.<\/p>\n<\/li>\n<\/ul>\n<p data-path-to-node=\"8\"><b data-path-to-node=\"8\" data-index-in-node=\"0\">Qu Like You<\/b> imzal\u0131 XXL tepsileri, hem \u00e7al\u0131\u015fma konforuna hem de sonu\u00e7 kalitesine \u00f6nem veren ve profesyonel geli\u015fimine yat\u0131r\u0131m yapan sanat\u00e7\u0131lar i\u00e7indir. \ud83d\udd1d<\/p>","protected":false},"excerpt":{"rendered":"<p>XXL Black Mix kirpik tepsileri, i\u015finde m\u00fckemmelli\u011fi hedefleyen profesyonel kirpik uzmanlar\u0131 (lash artist) i\u00e7in \u00f6zel olarak tasarlanm\u0131\u015ft\u0131r.<\/p>","protected":false},"featured_media":17118,"comment_status":"open","ping_status":"closed","template":"","meta":[],"product_brand":[],"product_cat":[92,96],"product_tag":[],"class_list":{"0":"post-17116","1":"product","2":"type-product","3":"status-publish","4":"has-post-thumbnail","6":"product_cat-kirpik-uzatma","7":"product_cat-uretmek","9":"first","10":"instock","11":"sale","12":"taxable","13":"shipping-taxable","14":"purchasable","15":"product-type-variable"},"_links":{"self":[{"href":"https:\/\/alisadayakli.com\/ro\/wp-json\/wp\/v2\/product\/17116","targetHints":{"allow":["GET"]}}],"collection":[{"href":"https:\/\/alisadayakli.com\/ro\/wp-json\/wp\/v2\/product"}],"about":[{"href":"https:\/\/alisadayakli.com\/ro\/wp-json\/wp\/v2\/types\/product"}],"replies":[{"embeddable":true,"href":"https:\/\/alisadayakli.com\/ro\/wp-json\/wp\/v2\/comments?post=17116"}],"version-history":[{"count":2,"href":"https:\/\/alisadayakli.com\/ro\/wp-json\/wp\/v2\/product\/17116\/revisions"}],"predecessor-version":[{"id":17137,"href":"https:\/\/alisadayakli.com\/ro\/wp-json\/wp\/v2\/product\/17116\/revisions\/17137"}],"wp:featuredmedia":[{"embeddable":true,"href":"https:\/\/alisadayakli.com\/ro\/wp-json\/wp\/v2\/media\/17118"}],"wp:attachment":[{"href":"https:\/\/alisadayakli.com\/ro\/wp-json\/wp\/v2\/media?parent=17116"}],"wp:term":[{"taxonomy":"product_brand","embeddable":true,"href":"https:\/\/alisadayakli.com\/ro\/wp-json\/wp\/v2\/product_brand?post=17116"},{"taxonomy":"product_cat","embeddable":true,"href":"https:\/\/alisadayakli.com\/ro\/wp-json\/wp\/v2\/product_cat?post=17116"},{"taxonomy":"product_tag","embeddable":true,"href":"https:\/\/alisadayakli.com\/ro\/wp-json\/wp\/v2\/product_tag?post=17116"}],"curies":[{"name":"wp","href":"https:\/\/api.w.org\/{rel}","templated":true}]}}