{"id":17135,"date":"2026-01-14T11:15:01","date_gmt":"2026-01-14T11:15:01","guid":{"rendered":"https:\/\/alisadayakli.com\/?post_type=product&#038;p=17135"},"modified":"2026-01-19T12:24:20","modified_gmt":"2026-01-19T12:24:20","slug":"kirpik-uzatma-kahverengi-koleksiyonu-mix-xxl-cafe-noir-0-07-mm-25-cizgiler","status":"publish","type":"product","link":"https:\/\/alisadayakli.com\/ro\/product\/kirpik-uzatma-kahverengi-koleksiyonu-mix-xxl-cafe-noir-0-07-mm-25-cizgiler\/","title":{"rendered":"Extensie gene Brown Collection Mix XXL - Caf\u00e9 Noir \/ 0.07 mm - 25 linii"},"content":{"rendered":"<p data-path-to-node=\"4\"><span class=\"\">Qu Like You,<\/span><span class=\"\"> dezvoltat pentru arti\u0219tii profesioni\u0219ti ai genelor <\/span><b class=\"\" data-path-to-node=\"4\" data-index-in-node=\"58\">Colec\u021bia XXL Brown<\/b><span class=\"\"> este pionierul tendin\u021bei de aspect natural \u00een lumea genelor.<\/span> <b class=\"\" data-path-to-node=\"4\" data-index-in-node=\"142\">Cafe Noir<\/b><span class=\"\"> Tone,<\/span><span class=\"\"> Este o alternativ\u0103 excelent\u0103 pentru clien\u021bii dvs. care doresc s\u0103 se \u00eendep\u0103rteze de claritatea negrului, dar nu doresc s\u0103 piard\u0103 profunzimea privirii.<\/span><\/p>\n<p data-path-to-node=\"5\"><b class=\"\" data-path-to-node=\"5\" data-index-in-node=\"0\">Culoare Caf\u00e9 Noir \u0219i flexibilitate de 0,07 mm:<\/b><span class=\"\"> Aceasta este nuan\u021ba special\u0103 \u201cBitter Coffee\u201d,<\/span><span class=\"\"> blonde,<\/span><span class=\"\"> ideal pentru tenul deschis sau pentru clien\u021bii de toate v\u00e2rstele care caut\u0103 o expresie mai moale (\u201csoft\u201d).<\/span><span class=\"\"> 0.<\/span><span class=\"\">07 mm grosime,<\/span><span class=\"\"> v\u0103 permite s\u0103 crea\u021bi at\u00e2t seturi 1D ultra-naturale, c\u00e2t \u0219i seturi cu volum moale (2D-5D).<\/span><span class=\"\"> De asemenea,<\/span><span class=\"\"> moderne <\/span><b class=\"\" data-path-to-node=\"5\" data-index-in-node=\"300\">Look umed<\/b><span class=\"\"> Efectul sofisticat creat de maro \u00een lucrare (Wet Look) este fascinant.<\/span><\/p>\n<p data-path-to-node=\"6\"><b class=\"\" data-path-to-node=\"6\" data-index-in-node=\"0\">Tehnologie superioar\u0103 a fibrelor:<\/b><span class=\"\"> Genele sunt u\u0219oare,<\/span><span class=\"\"> poate fi deschis cu u\u0219urin\u021b\u0103 \u0219i transformat \u00eentr-un pachet (ventilator).<\/span><span class=\"\"> Structura mat\u0103 \u0219i natural\u0103 a fibrei,<\/span><span class=\"\"> f\u0103r\u0103 str\u0103lucire artificial\u0103 \u00een lumina zilei.<\/span><span class=\"\"> Ofer\u0103 confort pe termen lung clientului dvs., men\u021bin\u00e2ndu-\u0219i buclele timp de c\u00e2teva s\u0103pt\u0103m\u00e2ni.<\/span><\/p>\n<p data-path-to-node=\"7\"><b class=\"\" data-path-to-node=\"7\" data-index-in-node=\"0\">Investi\u021bie inteligent\u0103 cu format XXL (25 de linii):<\/b><span class=\"\"> Cu mult peste cutiile standard,<\/span> <b class=\"\" data-path-to-node=\"7\" data-index-in-node=\"76\">Format XXL cu 25 de linii<\/b><span class=\"\"> \u0219i v\u0103 men\u021bine\u021bi fluxul de lucru ne\u00eentrerupt.<\/span><\/p>\n<ul data-path-to-node=\"8\">\n<li>\n<p data-path-to-node=\"8,0,0\"><b class=\"\" data-path-to-node=\"8,0,0\" data-index-in-node=\"0\">Avantajul costurilor:<\/b><span class=\"\"> O cutie,<\/span><span class=\"\"> aproximativ \u00een seturi de intensitate medie <\/span><b class=\"\" data-path-to-node=\"8,0,0\" data-index-in-node=\"66\">17 clien\u021bi<\/b><span class=\"\"> v\u0103 permite s\u0103 furniza\u021bi servicii.<\/span><\/p>\n<\/li>\n<li>\n<p data-path-to-node=\"8,1,0\"><b class=\"\" data-path-to-node=\"8,1,0\" data-index-in-node=\"0\">Eficien\u021b\u0103:<\/b><span class=\"\"> \u00cen timp ce v\u0103 cre\u0219te\u021bi profitabilitatea, nu pierde\u021bi timp cu urm\u0103rirea stocurilor.<\/span><\/p>\n<\/li>\n<\/ul>\n<p data-path-to-node=\"9\"><span class=\"\">Reduce\u021bi-v\u0103 costurile \u00een timp ce v\u0103 face\u021bi arta s\u0103 vorbeasc\u0103.<\/span> <b class=\"\" data-path-to-node=\"9\" data-index-in-node=\"50\">Qu Like You Caf\u00e9 Noir<\/b><span class=\"\"> oferi\u021bi clien\u021bilor dvs. o combina\u021bie de lux \u0219i naturale\u021be.<\/span><span class=\"\"> \ud83d\udd1d<\/span><\/p>","protected":false},"excerpt":{"rendered":"<p><span class=\"\">Qu Like You,<\/span><span class=\"\"> dezvoltat pentru arti\u0219tii profesioni\u0219ti ai genelor <\/span><b class=\"\" data-path-to-node=\"4\" data-index-in-node=\"58\">Colec\u021bia XXL Brown<\/b><span class=\"\"> este pionierul tendin\u021bei de aspect natural \u00een lumea genelor.<\/span> <b class=\"\" data-path-to-node=\"4\" data-index-in-node=\"142\">Cafe Noir<\/b><span class=\"\"> Tone,<\/span><span class=\"\"> Este o alternativ\u0103 excelent\u0103 pentru clien\u021bii dvs. care doresc s\u0103 se \u00eendep\u0103rteze de claritatea negrului, dar nu doresc s\u0103 piard\u0103 profunzimea privirii.<\/span><\/p>","protected":false},"featured_media":17143,"comment_status":"open","ping_status":"closed","template":"","meta":[],"product_brand":[],"product_cat":[92,96],"product_tag":[],"class_list":{"0":"post-17135","1":"product","2":"type-product","3":"status-publish","4":"has-post-thumbnail","6":"product_cat-kirpik-uzatma","7":"product_cat-uretmek","9":"first","10":"instock","11":"sale","12":"taxable","13":"shipping-taxable","14":"purchasable","15":"product-type-variable","16":"has-default-attributes"},"_links":{"self":[{"href":"https:\/\/alisadayakli.com\/ro\/wp-json\/wp\/v2\/product\/17135","targetHints":{"allow":["GET"]}}],"collection":[{"href":"https:\/\/alisadayakli.com\/ro\/wp-json\/wp\/v2\/product"}],"about":[{"href":"https:\/\/alisadayakli.com\/ro\/wp-json\/wp\/v2\/types\/product"}],"replies":[{"embeddable":true,"href":"https:\/\/alisadayakli.com\/ro\/wp-json\/wp\/v2\/comments?post=17135"}],"version-history":[{"count":2,"href":"https:\/\/alisadayakli.com\/ro\/wp-json\/wp\/v2\/product\/17135\/revisions"}],"predecessor-version":[{"id":17144,"href":"https:\/\/alisadayakli.com\/ro\/wp-json\/wp\/v2\/product\/17135\/revisions\/17144"}],"wp:featuredmedia":[{"embeddable":true,"href":"https:\/\/alisadayakli.com\/ro\/wp-json\/wp\/v2\/media\/17143"}],"wp:attachment":[{"href":"https:\/\/alisadayakli.com\/ro\/wp-json\/wp\/v2\/media?parent=17135"}],"wp:term":[{"taxonomy":"product_brand","embeddable":true,"href":"https:\/\/alisadayakli.com\/ro\/wp-json\/wp\/v2\/product_brand?post=17135"},{"taxonomy":"product_cat","embeddable":true,"href":"https:\/\/alisadayakli.com\/ro\/wp-json\/wp\/v2\/product_cat?post=17135"},{"taxonomy":"product_tag","embeddable":true,"href":"https:\/\/alisadayakli.com\/ro\/wp-json\/wp\/v2\/product_tag?post=17135"}],"curies":[{"name":"wp","href":"https:\/\/api.w.org\/{rel}","templated":true}]}}