{"id":17336,"date":"2026-01-19T13:21:54","date_gmt":"2026-01-19T13:21:54","guid":{"rendered":"https:\/\/alisadayakli.com\/?post_type=product&#038;p=17336"},"modified":"2026-02-24T08:35:10","modified_gmt":"2026-02-24T08:35:10","slug":"bilet-elite","status":"publish","type":"product","link":"https:\/\/alisadayakli.com\/ro\/product\/bilet-elite\/","title":{"rendered":"Bilet ELITE"},"content":{"rendered":"<p data-path-to-node=\"2\">Biletul de Participant Elite este conceput pentru cei care nu accept\u0103 compromisuri \u0219i doresc s\u0103 beneficieze de tot ce are mai bun de oferit <b data-path-to-node=\"2\" data-index-in-node=\"140\">Istanbul Beauty Elite 2026<\/b>. Acest pachet exclusivist ofer\u0103 recunoa\u0219tere maxim\u0103, acces total \u0219i oportunit\u0103\u021bi extinse de networking, fiind alegerea celor care vizeaz\u0103 excelen\u021ba la cel mai \u00eenalt nivel.<\/p>\n<hr data-path-to-node=\"3\" \/>\n<h3 data-path-to-node=\"4\"><b data-path-to-node=\"4\" data-index-in-node=\"0\">Con\u021binutul pachetului \u0219i beneficii:<\/b><\/h3>\n<ul data-path-to-node=\"5\">\n<li>\n<p data-path-to-node=\"5,0,0\">\u2b50 <b data-path-to-node=\"5,0,0\" data-index-in-node=\"2\">Acces exclusiv la zone speciale<\/b><\/p>\n<\/li>\n<li>\n<p data-path-to-node=\"5,1,0\">\u2b50 <b data-path-to-node=\"5,1,0\" data-index-in-node=\"2\">Goodie Bag ELITE<\/b><\/p>\n<\/li>\n<li>\n<p data-path-to-node=\"5,2,0\">\u2b50 <b data-path-to-node=\"5,2,0\" data-index-in-node=\"2\">Interac\u021biune direct\u0103 cu speakerii<\/b><\/p>\n<\/li>\n<li>\n<p data-path-to-node=\"5,3,0\">\u2b50 <b data-path-to-node=\"5,3,0\" data-index-in-node=\"2\">Pr\u00e2nz &amp; Pauze de cafea tradi\u021bional\u0103 turceasc\u0103 cu gust\u0103ri<\/b><\/p>\n<\/li>\n<li>\n<p data-path-to-node=\"5,4,0\">\u2b50 <b data-path-to-node=\"5,4,0\" data-index-in-node=\"2\">Cin\u0103 de gal\u0103 cu m\u00e2ncare tradi\u021bional\u0103 turceasc\u0103 \u0219i vibe autentic<\/b><\/p>\n<\/li>\n<li>\n<p data-path-to-node=\"5,5,0\">\u2b50 <b data-path-to-node=\"5,5,0\" data-index-in-node=\"2\">4 nominaliz\u0103ri incluse (2 live + 2 online)<\/b><\/p>\n<\/li>\n<li>\n<p data-path-to-node=\"5,6,0\">\u2b50 <b data-path-to-node=\"5,6,0\" data-index-in-node=\"2\">Trofeu ELITE<\/b><\/p>\n<\/li>\n<\/ul>\n<hr data-path-to-node=\"6\" \/>\n<h3 data-path-to-node=\"7\"><b data-path-to-node=\"7\" data-index-in-node=\"0\">Cui i se adreseaz\u0103?<\/b><\/h3>\n<p data-path-to-node=\"8\">Acesta este pachetul destinat profesioni\u0219tilor care doresc s\u0103 \u00ee\u0219i maximizeze vizibilitatea \u0219i prestigiul \u00een cadrul evenimentului. Este investi\u021bia ideal\u0103 pentru arti\u0219tii care caut\u0103 recunoa\u0219tere interna\u021bional\u0103 prin multiple nominaliz\u0103ri \u0219i care doresc s\u0103 de\u021bin\u0103 simbolul excelen\u021bei \u2013 Trofeul Elite \u2013 marc\u00e2nd astfel un moment de referin\u021b\u0103 \u00een cariera lor global\u0103.<\/p>","protected":false},"excerpt":{"rendered":"<p>Biletul de Participant Elite este conceput pentru cei care nu accept\u0103 compromisuri \u0219i doresc s\u0103 beneficieze de tot ce are mai bun de oferit <b data-path-to-node=\"2\" data-index-in-node=\"140\">Istanbul Beauty Elite 2026<\/b>. Acest pachet exclusivist ofer\u0103 recunoa\u0219tere maxim\u0103, acces total \u0219i oportunit\u0103\u021bi extinse de networking, fiind alegerea celor care vizeaz\u0103 excelen\u021ba la cel mai \u00eenalt nivel.<\/p>","protected":false},"featured_media":17302,"comment_status":"open","ping_status":"closed","template":"","meta":[],"product_brand":[],"product_cat":[97],"product_tag":[],"class_list":{"0":"post-17336","1":"product","2":"type-product","3":"status-publish","4":"has-post-thumbnail","6":"product_cat-biletler","8":"first","9":"instock","10":"virtual","11":"taxable","12":"purchasable","13":"product-type-simple"},"_links":{"self":[{"href":"https:\/\/alisadayakli.com\/ro\/wp-json\/wp\/v2\/product\/17336","targetHints":{"allow":["GET"]}}],"collection":[{"href":"https:\/\/alisadayakli.com\/ro\/wp-json\/wp\/v2\/product"}],"about":[{"href":"https:\/\/alisadayakli.com\/ro\/wp-json\/wp\/v2\/types\/product"}],"replies":[{"embeddable":true,"href":"https:\/\/alisadayakli.com\/ro\/wp-json\/wp\/v2\/comments?post=17336"}],"version-history":[{"count":3,"href":"https:\/\/alisadayakli.com\/ro\/wp-json\/wp\/v2\/product\/17336\/revisions"}],"predecessor-version":[{"id":17426,"href":"https:\/\/alisadayakli.com\/ro\/wp-json\/wp\/v2\/product\/17336\/revisions\/17426"}],"wp:featuredmedia":[{"embeddable":true,"href":"https:\/\/alisadayakli.com\/ro\/wp-json\/wp\/v2\/media\/17302"}],"wp:attachment":[{"href":"https:\/\/alisadayakli.com\/ro\/wp-json\/wp\/v2\/media?parent=17336"}],"wp:term":[{"taxonomy":"product_brand","embeddable":true,"href":"https:\/\/alisadayakli.com\/ro\/wp-json\/wp\/v2\/product_brand?post=17336"},{"taxonomy":"product_cat","embeddable":true,"href":"https:\/\/alisadayakli.com\/ro\/wp-json\/wp\/v2\/product_cat?post=17336"},{"taxonomy":"product_tag","embeddable":true,"href":"https:\/\/alisadayakli.com\/ro\/wp-json\/wp\/v2\/product_tag?post=17336"}],"curies":[{"name":"wp","href":"https:\/\/api.w.org\/{rel}","templated":true}]}}